{"id":1304,"date":"2021-12-21T04:59:29","date_gmt":"2021-12-21T03:59:29","guid":{"rendered":"https:\/\/irenedoyen.com\/?page_id=1304"},"modified":"2021-12-21T05:58:13","modified_gmt":"2021-12-21T04:58:13","slug":"previsualisation","status":"publish","type":"page","link":"https:\/\/irenedoyen.com\/index.php\/previsualisation\/","title":{"rendered":"Pr\u00e9visualisation"},"content":{"rendered":"\t\t<div data-elementor-type=\"wp-page\" data-elementor-id=\"1304\" class=\"elementor elementor-1304\" data-elementor-settings=\"[]\">\n\t\t\t\t\t\t<div class=\"elementor-inner\">\n\t\t\t\t\t\t\t<div class=\"elementor-section-wrap\">\n\t\t\t\t\t\t\t<section class=\"elementor-section elementor-top-section elementor-element elementor-element-5a4e93c elementor-section-boxed elementor-section-height-default elementor-section-height-default\" data-id=\"5a4e93c\" data-element_type=\"section\">\n\t\t\t\t\t\t<div class=\"elementor-container elementor-column-gap-default\">\n\t\t\t\t\t\t\t<div class=\"elementor-row\">\n\t\t\t\t\t<div class=\"elementor-column elementor-col-50 elementor-top-column elementor-element elementor-element-a56d5c3\" data-id=\"a56d5c3\" data-element_type=\"column\">\n\t\t\t<div class=\"elementor-column-wrap elementor-element-populated\">\n\t\t\t\t\t\t\t<div class=\"elementor-widget-wrap\">\n\t\t\t\t\t\t<div class=\"elementor-element elementor-element-6bfada3 elementor-invisible elementor-widget elementor-widget-image\" data-id=\"6bfada3\" data-element_type=\"widget\" data-settings=\"{&quot;_animation&quot;:&quot;fadeIn&quot;}\" data-widget_type=\"image.default\">\n\t\t\t\t<div class=\"elementor-widget-container\">\n\t\t\t\t\t<div class=\"elementor-image\">\n\t\t\t\t\t\t\t\t\t\t<img width=\"640\" height=\"640\" src=\"https:\/\/irenedoyen.com\/wp-content\/uploads\/2021\/12\/banque-1024x1024.png\" class=\"attachment-large size-large\" alt=\"\" loading=\"lazy\" srcset=\"https:\/\/irenedoyen.com\/wp-content\/uploads\/2021\/12\/banque-1024x1024.png 1024w, https:\/\/irenedoyen.com\/wp-content\/uploads\/2021\/12\/banque-300x300.png 300w, https:\/\/irenedoyen.com\/wp-content\/uploads\/2021\/12\/banque-150x150.png 150w, https:\/\/irenedoyen.com\/wp-content\/uploads\/2021\/12\/banque-768x768.png 768w, https:\/\/irenedoyen.com\/wp-content\/uploads\/2021\/12\/banque-640x640.png 640w, https:\/\/irenedoyen.com\/wp-content\/uploads\/2021\/12\/banque-600x600.png 600w, https:\/\/irenedoyen.com\/wp-content\/uploads\/2021\/12\/banque-e1640062616963.png 100w\" sizes=\"(max-width: 640px) 100vw, 640px\" \/>\t\t\t\t\t\t\t\t\t\t\t<\/div>\n\t\t\t\t<\/div>\n\t\t\t\t<\/div>\n\t\t\t\t\t\t<\/div>\n\t\t\t\t\t<\/div>\n\t\t<\/div>\n\t\t\t\t<div class=\"elementor-column elementor-col-50 elementor-top-column elementor-element elementor-element-342fb59\" data-id=\"342fb59\" data-element_type=\"column\">\n\t\t\t<div class=\"elementor-column-wrap elementor-element-populated\">\n\t\t\t\t\t\t\t<div class=\"elementor-widget-wrap\">\n\t\t\t\t\t\t<div class=\"elementor-element elementor-element-2db5222 elementor-invisible elementor-widget elementor-widget-text-editor\" data-id=\"2db5222\" data-element_type=\"widget\" data-settings=\"{&quot;_animation&quot;:&quot;fadeIn&quot;}\" data-widget_type=\"text-editor.default\">\n\t\t\t\t<div class=\"elementor-widget-container\">\n\t\t\t\t\t<div class=\"elementor-text-editor elementor-clearfix\"><h4 style=\"margin: 40px 0px 15px; padding: 0px; border: 0px; font-variant-numeric: normal; font-variant-east-asian: normal; font-weight: 300; font-stretch: normal; font-size: 22px; line-height: 25px; font-family: Montserrat; vertical-align: baseline; text-align: center; letter-spacing: 0.22px; color: #38b6ff; background-color: #f1ecec;\"><span style=\"vertical-align: inherit;\"><span style=\"vertical-align: inherit;\">Pr\u00e9visualisation<\/span><\/span><\/h4><p style=\"text-align: center;\"><span style=\"vertical-align: inherit;\"><span style=\"vertical-align: inherit;\">Pr\u00e9visualisation des banques de V\u00e9nissieux et \u00c9cully<\/span><\/span><\/p><\/div>\n\t\t\t\t<\/div>\n\t\t\t\t<\/div>\n\t\t\t\t\t\t<\/div>\n\t\t\t\t\t<\/div>\n\t\t<\/div>\n\t\t\t\t\t\t\t\t<\/div>\n\t\t\t\t\t<\/div>\n\t\t<\/section>\n\t\t\t\t<section class=\"elementor-section elementor-top-section elementor-element elementor-element-22b1e90 elementor-section-boxed elementor-section-height-default elementor-section-height-default\" data-id=\"22b1e90\" data-element_type=\"section\">\n\t\t\t\t\t\t<div class=\"elementor-container elementor-column-gap-default\">\n\t\t\t\t\t\t\t<div class=\"elementor-row\">\n\t\t\t\t\t<div class=\"elementor-column elementor-col-100 elementor-top-column elementor-element elementor-element-a564b59\" data-id=\"a564b59\" data-element_type=\"column\">\n\t\t\t<div class=\"elementor-column-wrap elementor-element-populated\">\n\t\t\t\t\t\t\t<div class=\"elementor-widget-wrap\">\n\t\t\t\t\t\t<div class=\"elementor-element elementor-element-0900034 elementor-widget-divider--separator-type-pattern elementor-widget-divider--no-spacing elementor-widget-divider--view-line elementor-invisible elementor-widget elementor-widget-divider\" data-id=\"0900034\" data-element_type=\"widget\" data-settings=\"{&quot;_animation&quot;:&quot;fadeIn&quot;}\" data-widget_type=\"divider.default\">\n\t\t\t\t<div class=\"elementor-widget-container\">\n\t\t\t\t\t<div class=\"elementor-divider\" style=\"--divider-pattern-url: url(&quot;data:image\/svg+xml,%3Csvg xmlns=&#039;http:\/\/www.w3.org\/2000\/svg&#039; preserveAspectRatio=&#039;xMidYMid meet&#039; overflow=&#039;visible&#039; height=&#039;100%&#039; viewBox=&#039;0 0 126 26&#039; fill=&#039;black&#039; stroke=&#039;none&#039;%3E%3Cpath d=&#039;M3,10.2c2.6,0,2.6,2,2.6,3.2S4.4,16.5,3,16.5s-3-1.4-3-3.2S0.4,10.2,3,10.2z M18.8,10.2c1.7,0,3.2,1.4,3.2,3.2s-1.4,3.2-3.2,3.2c-1.7,0-3.2-1.4-3.2-3.2S17,10.2,18.8,10.2z M34.6,10.2c1.5,0,2.6,1.4,2.6,3.2s-0.5,3.2-1.9,3.2c-1.5,0-3.4-1.4-3.4-3.2S33.1,10.2,34.6,10.2z M50.5,10.2c1.7,0,3.2,1.4,3.2,3.2s-1.4,3.2-3.2,3.2c-1.7,0-3.3-0.9-3.3-2.6S48.7,10.2,50.5,10.2z M66.2,10.2c1.5,0,3.4,1.4,3.4,3.2s-1.9,3.2-3.4,3.2c-1.5,0-2.6-0.4-2.6-2.1S64.8,10.2,66.2,10.2z M82.2,10.2c1.7,0.8,2.6,1.4,2.6,3.2s-0.1,3.2-1.6,3.2c-1.5,0-3.7-1.4-3.7-3.2S80.5,9.4,82.2,10.2zM98.6,10.2c1.5,0,2.6,0.4,2.6,2.1s-1.2,4.2-2.6,4.2c-1.5,0-3.7-0.4-3.7-2.1S97.1,10.2,98.6,10.2z M113.4,10.2c1.2,0,2.2,0.9,2.2,3.2s-0.1,3.2-1.3,3.2s-3.1-1.4-3.1-3.2S112.2,10.2,113.4,10.2z&#039;\/%3E%3C\/svg%3E&quot;);\">\n\t\t\t<span class=\"elementor-divider-separator\">\n\t\t\t\t\t\t<\/span>\n\t\t<\/div>\n\t\t\t\t<\/div>\n\t\t\t\t<\/div>\n\t\t\t\t\t\t<\/div>\n\t\t\t\t\t<\/div>\n\t\t<\/div>\n\t\t\t\t\t\t\t\t<\/div>\n\t\t\t\t\t<\/div>\n\t\t<\/section>\n\t\t\t\t<section class=\"elementor-section elementor-top-section elementor-element elementor-element-f2cc2eb elementor-section-boxed elementor-section-height-default elementor-section-height-default\" data-id=\"f2cc2eb\" data-element_type=\"section\">\n\t\t\t\t\t\t<div class=\"elementor-container elementor-column-gap-default\">\n\t\t\t\t\t\t\t<div class=\"elementor-row\">\n\t\t\t\t\t<div class=\"elementor-column elementor-col-100 elementor-top-column elementor-element elementor-element-3239e61\" data-id=\"3239e61\" data-element_type=\"column\">\n\t\t\t<div class=\"elementor-column-wrap elementor-element-populated\">\n\t\t\t\t\t\t\t<div class=\"elementor-widget-wrap\">\n\t\t\t\t\t\t<div class=\"elementor-element elementor-element-e026c01 elementor-invisible elementor-widget elementor-widget-image-gallery\" data-id=\"e026c01\" data-element_type=\"widget\" data-settings=\"{&quot;_animation&quot;:&quot;fadeIn&quot;}\" data-widget_type=\"image-gallery.default\">\n\t\t\t\t<div class=\"elementor-widget-container\">\n\t\t\t\t\t<div class=\"elementor-image-gallery\">\n\t\t\t<div id='gallery-1' class='gallery galleryid-1304 gallery-columns-2 gallery-size-woocommerce_single'><figure class='gallery-item'>\n\t\t\t<div class='gallery-icon landscape'>\n\t\t\t\t<a data-elementor-open-lightbox=\"yes\" data-elementor-lightbox-slideshow=\"e026c01\" data-elementor-lightbox-title=\"Banque de \u00c9cully\" href='https:\/\/irenedoyen.com\/wp-content\/uploads\/2021\/12\/avant-apres-banque-2.jpg'><img width=\"600\" height=\"261\" src=\"https:\/\/irenedoyen.com\/wp-content\/uploads\/2021\/12\/avant-apres-banque-2-600x261.jpg\" class=\"attachment-woocommerce_single size-woocommerce_single\" alt=\"\" loading=\"lazy\" srcset=\"https:\/\/irenedoyen.com\/wp-content\/uploads\/2021\/12\/avant-apres-banque-2-600x261.jpg 600w, https:\/\/irenedoyen.com\/wp-content\/uploads\/2021\/12\/avant-apres-banque-2-300x130.jpg 300w, https:\/\/irenedoyen.com\/wp-content\/uploads\/2021\/12\/avant-apres-banque-2-1024x445.jpg 1024w, https:\/\/irenedoyen.com\/wp-content\/uploads\/2021\/12\/avant-apres-banque-2-768x334.jpg 768w, https:\/\/irenedoyen.com\/wp-content\/uploads\/2021\/12\/avant-apres-banque-2-1536x667.jpg 1536w, https:\/\/irenedoyen.com\/wp-content\/uploads\/2021\/12\/avant-apres-banque-2-640x278.jpg 640w, https:\/\/irenedoyen.com\/wp-content\/uploads\/2021\/12\/avant-apres-banque-2.jpg 1920w\" sizes=\"(max-width: 600px) 100vw, 600px\" \/><\/a>\n\t\t\t<\/div><\/figure><figure class='gallery-item'>\n\t\t\t<div class='gallery-icon landscape'>\n\t\t\t\t<a data-elementor-open-lightbox=\"yes\" data-elementor-lightbox-slideshow=\"e026c01\" data-elementor-lightbox-title=\"Banque de V\u00e9nissieux\" href='https:\/\/irenedoyen.com\/wp-content\/uploads\/2021\/12\/avant-apres-banque-1.jpg'><img width=\"600\" height=\"261\" src=\"https:\/\/irenedoyen.com\/wp-content\/uploads\/2021\/12\/avant-apres-banque-1-600x261.jpg\" class=\"attachment-woocommerce_single size-woocommerce_single\" alt=\"\" loading=\"lazy\" srcset=\"https:\/\/irenedoyen.com\/wp-content\/uploads\/2021\/12\/avant-apres-banque-1-600x261.jpg 600w, https:\/\/irenedoyen.com\/wp-content\/uploads\/2021\/12\/avant-apres-banque-1-300x130.jpg 300w, https:\/\/irenedoyen.com\/wp-content\/uploads\/2021\/12\/avant-apres-banque-1-1024x445.jpg 1024w, https:\/\/irenedoyen.com\/wp-content\/uploads\/2021\/12\/avant-apres-banque-1-768x334.jpg 768w, https:\/\/irenedoyen.com\/wp-content\/uploads\/2021\/12\/avant-apres-banque-1-1536x667.jpg 1536w, https:\/\/irenedoyen.com\/wp-content\/uploads\/2021\/12\/avant-apres-banque-1-640x278.jpg 640w, https:\/\/irenedoyen.com\/wp-content\/uploads\/2021\/12\/avant-apres-banque-1.jpg 1920w\" sizes=\"(max-width: 600px) 100vw, 600px\" \/><\/a>\n\t\t\t<\/div><\/figure>\n\t\t<\/div>\n\t\t<\/div>\n\t\t\t\t<\/div>\n\t\t\t\t<\/div>\n\t\t\t\t\t\t<\/div>\n\t\t\t\t\t<\/div>\n\t\t<\/div>\n\t\t\t\t\t\t\t\t<\/div>\n\t\t\t\t\t<\/div>\n\t\t<\/section>\n\t\t\t\t\t\t<\/div>\n\t\t\t\t\t\t<\/div>\n\t\t\t\t\t<\/div>\n\t\t","protected":false},"excerpt":{"rendered":"<p>Pr\u00e9visualisation Pr\u00e9visualisation des banques de V\u00e9nissieux et \u00c9cully<\/p>\n","protected":false},"author":1,"featured_media":0,"parent":0,"menu_order":0,"comment_status":"closed","ping_status":"closed","template":"","meta":[],"_links":{"self":[{"href":"https:\/\/irenedoyen.com\/index.php\/wp-json\/wp\/v2\/pages\/1304"}],"collection":[{"href":"https:\/\/irenedoyen.com\/index.php\/wp-json\/wp\/v2\/pages"}],"about":[{"href":"https:\/\/irenedoyen.com\/index.php\/wp-json\/wp\/v2\/types\/page"}],"author":[{"embeddable":true,"href":"https:\/\/irenedoyen.com\/index.php\/wp-json\/wp\/v2\/users\/1"}],"replies":[{"embeddable":true,"href":"https:\/\/irenedoyen.com\/index.php\/wp-json\/wp\/v2\/comments?post=1304"}],"version-history":[{"count":4,"href":"https:\/\/irenedoyen.com\/index.php\/wp-json\/wp\/v2\/pages\/1304\/revisions"}],"predecessor-version":[{"id":1319,"href":"https:\/\/irenedoyen.com\/index.php\/wp-json\/wp\/v2\/pages\/1304\/revisions\/1319"}],"wp:attachment":[{"href":"https:\/\/irenedoyen.com\/index.php\/wp-json\/wp\/v2\/media?parent=1304"}],"curies":[{"name":"wp","href":"https:\/\/api.w.org\/{rel}","templated":true}]}}