{"id":2358,"date":"2026-02-10T13:55:01","date_gmt":"2026-02-10T12:55:01","guid":{"rendered":"https:\/\/irenedoyen.com\/?page_id=2358"},"modified":"2026-02-10T15:37:31","modified_gmt":"2026-02-10T14:37:31","slug":"lafetesdeslumieres","status":"publish","type":"page","link":"https:\/\/irenedoyen.com\/index.php\/lafetesdeslumieres\/","title":{"rendered":"L\u2019origine de la f\u00eates des lumi\u00e8res \u00e0 Lyon"},"content":{"rendered":"\t\t<div data-elementor-type=\"wp-page\" data-elementor-id=\"2358\" class=\"elementor elementor-2358\" data-elementor-settings=\"[]\">\n\t\t\t\t\t\t<div class=\"elementor-inner\">\n\t\t\t\t\t\t\t<div class=\"elementor-section-wrap\">\n\t\t\t\t\t\t\t<section class=\"elementor-section elementor-top-section elementor-element elementor-element-5a4e93c elementor-section-boxed elementor-section-height-default elementor-section-height-default\" data-id=\"5a4e93c\" data-element_type=\"section\">\n\t\t\t\t\t\t<div class=\"elementor-container elementor-column-gap-default\">\n\t\t\t\t\t\t\t<div class=\"elementor-row\">\n\t\t\t\t\t<div class=\"elementor-column elementor-col-50 elementor-top-column elementor-element elementor-element-a56d5c3\" data-id=\"a56d5c3\" data-element_type=\"column\">\n\t\t\t<div class=\"elementor-column-wrap elementor-element-populated\">\n\t\t\t\t\t\t\t<div class=\"elementor-widget-wrap\">\n\t\t\t\t\t\t<div class=\"elementor-element elementor-element-6bfada3 elementor-invisible elementor-widget elementor-widget-image\" data-id=\"6bfada3\" data-element_type=\"widget\" data-settings=\"{&quot;_animation&quot;:&quot;fadeIn&quot;}\" data-widget_type=\"image.default\">\n\t\t\t\t<div class=\"elementor-widget-container\">\n\t\t\t\t\t<div class=\"elementor-image\">\n\t\t\t\t\t\t\t\t\t\t<img width=\"640\" height=\"640\" src=\"https:\/\/irenedoyen.com\/wp-content\/uploads\/2026\/02\/la-fetes-des-lumieres_001-1024x1024.jpg\" class=\"attachment-large size-large\" alt=\"comic strip\" loading=\"lazy\" srcset=\"https:\/\/irenedoyen.com\/wp-content\/uploads\/2026\/02\/la-fetes-des-lumieres_001-1024x1024.jpg 1024w, https:\/\/irenedoyen.com\/wp-content\/uploads\/2026\/02\/la-fetes-des-lumieres_001-300x300.jpg 300w, https:\/\/irenedoyen.com\/wp-content\/uploads\/2026\/02\/la-fetes-des-lumieres_001-150x150.jpg 150w, https:\/\/irenedoyen.com\/wp-content\/uploads\/2026\/02\/la-fetes-des-lumieres_001-768x768.jpg 768w, https:\/\/irenedoyen.com\/wp-content\/uploads\/2026\/02\/la-fetes-des-lumieres_001-1536x1536.jpg 1536w, https:\/\/irenedoyen.com\/wp-content\/uploads\/2026\/02\/la-fetes-des-lumieres_001-640x640.jpg 640w, https:\/\/irenedoyen.com\/wp-content\/uploads\/2026\/02\/la-fetes-des-lumieres_001-600x600.jpg 600w, https:\/\/irenedoyen.com\/wp-content\/uploads\/2026\/02\/la-fetes-des-lumieres_001-100x100.jpg 100w, https:\/\/irenedoyen.com\/wp-content\/uploads\/2026\/02\/la-fetes-des-lumieres_001.jpg 1920w\" sizes=\"(max-width: 640px) 100vw, 640px\" \/>\t\t\t\t\t\t\t\t\t\t\t<\/div>\n\t\t\t\t<\/div>\n\t\t\t\t<\/div>\n\t\t\t\t\t\t<\/div>\n\t\t\t\t\t<\/div>\n\t\t<\/div>\n\t\t\t\t<div class=\"elementor-column elementor-col-50 elementor-top-column elementor-element elementor-element-342fb59\" data-id=\"342fb59\" data-element_type=\"column\">\n\t\t\t<div class=\"elementor-column-wrap elementor-element-populated\">\n\t\t\t\t\t\t\t<div class=\"elementor-widget-wrap\">\n\t\t\t\t\t\t<div class=\"elementor-element elementor-element-2db5222 elementor-invisible elementor-widget elementor-widget-text-editor\" data-id=\"2db5222\" data-element_type=\"widget\" data-settings=\"{&quot;_animation&quot;:&quot;fadeIn&quot;}\" data-widget_type=\"text-editor.default\">\n\t\t\t\t<div class=\"elementor-widget-container\">\n\t\t\t\t\t<div class=\"elementor-text-editor elementor-clearfix\"><h4 style=\"margin: 40px 0px 15px; padding: 0px; border: 0px; font-variant-numeric: normal; font-variant-east-asian: normal; font-weight: 300; font-stretch: normal; font-size: 22px; line-height: 25px; font-family: Montserrat; vertical-align: baseline; text-align: center; letter-spacing: 0.22px; color: #38b6ff; background-color: #f1ecec;\"><strong><span style=\"vertical-align: inherit; color: #984ccf;\"><span style=\"vertical-align: inherit;\">STRIP<\/span><\/span><\/strong><\/h4><h3 style=\"text-align: center;\">L\u2019origine de la f\u00eates des lumi\u00e8res \u00e0 Lyon<\/h3><p><span style=\"vertical-align: inherit;\"><span style=\"vertical-align: inherit;\"><em><strong><span style=\"text-decoration: underline;\">R\u00e9sum\u00e9 :<\/span><\/strong><\/em><br \/>Le 8 d\u00e9cembre, \u00e0 Lyon, ce n\u2019est pas un simple \u00e9v\u00e8nement\u2026 C\u2019est une tradition, une \u00e9motion, des souvenirs d\u2019enfance, des bougies \u00e0 la fen\u00eatre et la ville qui s\u2019illumine.\u2728\ud83d\udd6f\ufe0f<br \/>M\u00eame si elle a beaucoup chang\u00e9, la magie, elle, elle est toujours l\u00e0.<br \/><\/span><\/span><\/p><ul><li>Expliqu\u00e9e simplement !<\/li><li>BD en Strip<\/li><li>Histoire<\/li><li>P\u00e9dagogique\u00a0<\/li><\/ul><p><span style=\"vertical-align: inherit;\"><strong>Auteur :<\/strong> Ir\u00e8ne Doyen<br \/><strong>En collaboration <\/strong>avec\u00a0<span style=\"text-decoration: underline; color: #0000ff;\"><a class=\"x1i10hfl xjbqb8w x1ejq31n x18oe1m7 x1sy0etr xstzfhl x972fbf x10w94by x1qhh985 x14e42zd x9f619 x1ypdohk xt0psk2 x3ct3a4 xdj266r x14z9mp xat24cr x1lziwak xexx8yu xyri2b x18d9i69 x1c1uobl x16tdsg8 x1hl2dhg xggy1nq x1a2a7pz notranslate _a6hd\" style=\"color: #0000ff; text-decoration: underline;\" tabindex=\"0\" role=\"link\" href=\"https:\/\/www.instagram.com\/dechiffrer_architecture\/?hl=fr\">@dechiffrer_architecture<\/a><\/span><br \/><\/span><\/p><p><span style=\"vertical-align: inherit;\"><span style=\"vertical-align: inherit;\">Partage l&#8217;histoire sur <span style=\"text-decoration: underline; color: #0000ff;\"><a style=\"color: #0000ff; text-decoration: underline;\" href=\"https:\/\/www.instagram.com\/p\/DR1wlImgghx\/?hl=fr&amp;img_index=1\" data-wplink-edit=\"true\">insta<\/a><\/span><\/span><\/span><\/p><\/div>\n\t\t\t\t<\/div>\n\t\t\t\t<\/div>\n\t\t\t\t<div class=\"elementor-element elementor-element-76da413 elementor-shape-circle elementor-grid-0 elementor-widget elementor-widget-social-icons\" data-id=\"76da413\" data-element_type=\"widget\" data-widget_type=\"social-icons.default\">\n\t\t\t\t<div class=\"elementor-widget-container\">\n\t\t\t\t\t<div class=\"elementor-social-icons-wrapper elementor-grid\">\n\t\t\t\t\t\t\t<div class=\"elementor-grid-item\">\n\t\t\t\t\t<a class=\"elementor-icon elementor-social-icon elementor-social-icon-instagram elementor-repeater-item-1266e44\" href=\"https:\/\/www.instagram.com\/p\/DR1wlImgghx\/?hl=fr&#038;img_index=1\" target=\"_blank\">\n\t\t\t\t\t\t<span class=\"elementor-screen-only\">Instagram<\/span>\n\t\t\t\t\t\t<i class=\"fab fa-instagram\"><\/i>\t\t\t\t\t<\/a>\n\t\t\t\t<\/div>\n\t\t\t\t\t<\/div>\n\t\t\t\t<\/div>\n\t\t\t\t<\/div>\n\t\t\t\t\t\t<\/div>\n\t\t\t\t\t<\/div>\n\t\t<\/div>\n\t\t\t\t\t\t\t\t<\/div>\n\t\t\t\t\t<\/div>\n\t\t<\/section>\n\t\t\t\t<section class=\"elementor-section elementor-top-section elementor-element elementor-element-22b1e90 elementor-section-boxed elementor-section-height-default elementor-section-height-default\" data-id=\"22b1e90\" data-element_type=\"section\">\n\t\t\t\t\t\t<div class=\"elementor-container elementor-column-gap-default\">\n\t\t\t\t\t\t\t<div class=\"elementor-row\">\n\t\t\t\t\t<div class=\"elementor-column elementor-col-100 elementor-top-column elementor-element elementor-element-a564b59\" data-id=\"a564b59\" data-element_type=\"column\">\n\t\t\t<div class=\"elementor-column-wrap elementor-element-populated\">\n\t\t\t\t\t\t\t<div class=\"elementor-widget-wrap\">\n\t\t\t\t\t\t<div class=\"elementor-element elementor-element-0900034 elementor-widget-divider--separator-type-pattern elementor-widget-divider--no-spacing elementor-widget-divider--view-line elementor-invisible elementor-widget elementor-widget-divider\" data-id=\"0900034\" data-element_type=\"widget\" data-settings=\"{&quot;_animation&quot;:&quot;fadeIn&quot;}\" data-widget_type=\"divider.default\">\n\t\t\t\t<div class=\"elementor-widget-container\">\n\t\t\t\t\t<div class=\"elementor-divider\" style=\"--divider-pattern-url: url(&quot;data:image\/svg+xml,%3Csvg xmlns=&#039;http:\/\/www.w3.org\/2000\/svg&#039; preserveAspectRatio=&#039;xMidYMid meet&#039; overflow=&#039;visible&#039; height=&#039;100%&#039; viewBox=&#039;0 0 126 26&#039; fill=&#039;black&#039; stroke=&#039;none&#039;%3E%3Cpath d=&#039;M3,10.2c2.6,0,2.6,2,2.6,3.2S4.4,16.5,3,16.5s-3-1.4-3-3.2S0.4,10.2,3,10.2z M18.8,10.2c1.7,0,3.2,1.4,3.2,3.2s-1.4,3.2-3.2,3.2c-1.7,0-3.2-1.4-3.2-3.2S17,10.2,18.8,10.2z M34.6,10.2c1.5,0,2.6,1.4,2.6,3.2s-0.5,3.2-1.9,3.2c-1.5,0-3.4-1.4-3.4-3.2S33.1,10.2,34.6,10.2z M50.5,10.2c1.7,0,3.2,1.4,3.2,3.2s-1.4,3.2-3.2,3.2c-1.7,0-3.3-0.9-3.3-2.6S48.7,10.2,50.5,10.2z M66.2,10.2c1.5,0,3.4,1.4,3.4,3.2s-1.9,3.2-3.4,3.2c-1.5,0-2.6-0.4-2.6-2.1S64.8,10.2,66.2,10.2z M82.2,10.2c1.7,0.8,2.6,1.4,2.6,3.2s-0.1,3.2-1.6,3.2c-1.5,0-3.7-1.4-3.7-3.2S80.5,9.4,82.2,10.2zM98.6,10.2c1.5,0,2.6,0.4,2.6,2.1s-1.2,4.2-2.6,4.2c-1.5,0-3.7-0.4-3.7-2.1S97.1,10.2,98.6,10.2z M113.4,10.2c1.2,0,2.2,0.9,2.2,3.2s-0.1,3.2-1.3,3.2s-3.1-1.4-3.1-3.2S112.2,10.2,113.4,10.2z&#039;\/%3E%3C\/svg%3E&quot;);\">\n\t\t\t<span class=\"elementor-divider-separator\">\n\t\t\t\t\t\t<\/span>\n\t\t<\/div>\n\t\t\t\t<\/div>\n\t\t\t\t<\/div>\n\t\t\t\t\t\t<\/div>\n\t\t\t\t\t<\/div>\n\t\t<\/div>\n\t\t\t\t\t\t\t\t<\/div>\n\t\t\t\t\t<\/div>\n\t\t<\/section>\n\t\t\t\t<section class=\"elementor-section elementor-top-section elementor-element elementor-element-3bf930c elementor-section-boxed elementor-section-height-default elementor-section-height-default\" data-id=\"3bf930c\" data-element_type=\"section\">\n\t\t\t\t\t\t<div class=\"elementor-container elementor-column-gap-default\">\n\t\t\t\t\t\t\t<div class=\"elementor-row\">\n\t\t\t\t\t<div class=\"elementor-column elementor-col-100 elementor-top-column elementor-element elementor-element-1a40c34\" data-id=\"1a40c34\" data-element_type=\"column\">\n\t\t\t<div class=\"elementor-column-wrap elementor-element-populated\">\n\t\t\t\t\t\t\t<div class=\"elementor-widget-wrap\">\n\t\t\t\t\t\t<div class=\"elementor-element elementor-element-09da1c5 elementor-invisible elementor-widget elementor-widget-text-editor\" data-id=\"09da1c5\" data-element_type=\"widget\" data-settings=\"{&quot;_animation&quot;:&quot;fadeIn&quot;}\" data-widget_type=\"text-editor.default\">\n\t\t\t\t<div class=\"elementor-widget-container\">\n\t\t\t\t\t<div class=\"elementor-text-editor elementor-clearfix\"><div class=\"_df_book df-lite\" id=\"df_2375\"  _slug=\"lorigine-de-la-fetes-des-lumieres-a-lyon-2\" data-title=\"lorigine-de-la-fetes-des-lumieres-a-lyon\" wpoptions=\"true\" thumb=\"https:\/\/irenedoyen.com\/wp-content\/uploads\/2026\/02\/la-fetes-des-lumieres_001.jpg\" thumbtype=\"\" ><\/div><script class=\"df-shortcode-script\" nowprocket type=\"application\/javascript\">window.option_df_2375 = {\"outline\":[],\"backgroundColor\":\"#666666\",\"autoEnableOutline\":\"false\",\"autoEnableThumbnail\":\"false\",\"overwritePDFOutline\":\"false\",\"enableDownload\":\"false\",\"direction\":\"1\",\"pageSize\":\"0\",\"maxTextureSize\":\"1024\",\"source\":[\"https:\\\/\\\/irenedoyen.com\\\/wp-content\\\/uploads\\\/2026\\\/02\\\/la-fetes-des-lumieres_001.jpg\",\"https:\\\/\\\/irenedoyen.com\\\/wp-content\\\/uploads\\\/2026\\\/02\\\/la-fetes-des-lumieres_002.jpg\",\"https:\\\/\\\/irenedoyen.com\\\/wp-content\\\/uploads\\\/2026\\\/02\\\/la-fetes-des-lumieres_003.jpg\",\"https:\\\/\\\/irenedoyen.com\\\/wp-content\\\/uploads\\\/2026\\\/02\\\/la-fetes-des-lumieres_004.jpg\",\"https:\\\/\\\/irenedoyen.com\\\/wp-content\\\/uploads\\\/2026\\\/02\\\/la-fetes-des-lumieres_005.jpg\",\"https:\\\/\\\/irenedoyen.com\\\/wp-content\\\/uploads\\\/2026\\\/02\\\/la-fetes-des-lumieres_006.jpg\",\"https:\\\/\\\/irenedoyen.com\\\/wp-content\\\/uploads\\\/2026\\\/02\\\/la-fetes-des-lumieres_007.jpg\",\"https:\\\/\\\/irenedoyen.com\\\/wp-content\\\/uploads\\\/2026\\\/02\\\/la-fetes-des-lumieres_008.jpg\",\"https:\\\/\\\/irenedoyen.com\\\/wp-content\\\/uploads\\\/2026\\\/02\\\/la-fetes-des-lumieres_009.jpg\",\"https:\\\/\\\/irenedoyen.com\\\/wp-content\\\/uploads\\\/2026\\\/02\\\/la-fetes-des-lumieres_010.jpg\"],\"wpOptions\":\"true\",\"links\":[[],[],[],[],[],[],[],[],[],[],[]]}; if(window.DFLIP && window.DFLIP.parseBooks){window.DFLIP.parseBooks();}<\/script><\/div>\n\t\t\t\t<\/div>\n\t\t\t\t<\/div>\n\t\t\t\t\t\t<\/div>\n\t\t\t\t\t<\/div>\n\t\t<\/div>\n\t\t\t\t\t\t\t\t<\/div>\n\t\t\t\t\t<\/div>\n\t\t<\/section>\n\t\t\t\t\t\t<\/div>\n\t\t\t\t\t\t<\/div>\n\t\t\t\t\t<\/div>\n\t\t","protected":false},"excerpt":{"rendered":"<p>STRIP L\u2019origine de la f\u00eates des lumi\u00e8res \u00e0 Lyon R\u00e9sum\u00e9 :Le 8 d\u00e9cembre, \u00e0 Lyon, ce n\u2019est pas un simple \u00e9v\u00e8nement\u2026 C\u2019est une tradition, une \u00e9motion, des souvenirs d\u2019enfance, des bougies \u00e0 la fen\u00eatre et la ville qui s\u2019illumine.\u2728\ud83d\udd6f\ufe0fM\u00eame si elle a beaucoup chang\u00e9, la magie, elle, elle est toujours l\u00e0. Expliqu\u00e9e simplement ! BD [&hellip;]<\/p>\n","protected":false},"author":1,"featured_media":0,"parent":0,"menu_order":0,"comment_status":"closed","ping_status":"closed","template":"","meta":[],"_links":{"self":[{"href":"https:\/\/irenedoyen.com\/index.php\/wp-json\/wp\/v2\/pages\/2358"}],"collection":[{"href":"https:\/\/irenedoyen.com\/index.php\/wp-json\/wp\/v2\/pages"}],"about":[{"href":"https:\/\/irenedoyen.com\/index.php\/wp-json\/wp\/v2\/types\/page"}],"author":[{"embeddable":true,"href":"https:\/\/irenedoyen.com\/index.php\/wp-json\/wp\/v2\/users\/1"}],"replies":[{"embeddable":true,"href":"https:\/\/irenedoyen.com\/index.php\/wp-json\/wp\/v2\/comments?post=2358"}],"version-history":[{"count":16,"href":"https:\/\/irenedoyen.com\/index.php\/wp-json\/wp\/v2\/pages\/2358\/revisions"}],"predecessor-version":[{"id":2393,"href":"https:\/\/irenedoyen.com\/index.php\/wp-json\/wp\/v2\/pages\/2358\/revisions\/2393"}],"wp:attachment":[{"href":"https:\/\/irenedoyen.com\/index.php\/wp-json\/wp\/v2\/media?parent=2358"}],"curies":[{"name":"wp","href":"https:\/\/api.w.org\/{rel}","templated":true}]}}