{"id":391,"date":"2020-11-15T19:28:41","date_gmt":"2020-11-15T18:28:41","guid":{"rendered":"http:\/\/irenedoyen.com\/?page_id=391"},"modified":"2025-10-20T12:05:08","modified_gmt":"2025-10-20T10:05:08","slug":"cache-cache-des-animaux-dafrique","status":"publish","type":"page","link":"https:\/\/irenedoyen.com\/index.php\/cache-cache-des-animaux-dafrique\/","title":{"rendered":"Cache-cache des animaux d\u2019Afrique"},"content":{"rendered":"\t\t<div data-elementor-type=\"wp-page\" data-elementor-id=\"391\" class=\"elementor elementor-391\" data-elementor-settings=\"[]\">\n\t\t\t\t\t\t<div class=\"elementor-inner\">\n\t\t\t\t\t\t\t<div class=\"elementor-section-wrap\">\n\t\t\t\t\t\t\t<section class=\"elementor-section elementor-top-section elementor-element elementor-element-c91c3ae elementor-section-boxed elementor-section-height-default elementor-section-height-default\" data-id=\"c91c3ae\" data-element_type=\"section\">\n\t\t\t\t\t\t<div class=\"elementor-container elementor-column-gap-default\">\n\t\t\t\t\t\t\t<div class=\"elementor-row\">\n\t\t\t\t\t<div class=\"elementor-column elementor-col-50 elementor-top-column elementor-element elementor-element-d3956ef\" data-id=\"d3956ef\" data-element_type=\"column\">\n\t\t\t<div class=\"elementor-column-wrap elementor-element-populated\">\n\t\t\t\t\t\t\t<div class=\"elementor-widget-wrap\">\n\t\t\t\t\t\t<div class=\"elementor-element elementor-element-ca3ca3e elementor-invisible elementor-widget elementor-widget-image\" data-id=\"ca3ca3e\" data-element_type=\"widget\" data-settings=\"{&quot;_animation&quot;:&quot;fadeIn&quot;}\" data-widget_type=\"image.default\">\n\t\t\t\t<div class=\"elementor-widget-container\">\n\t\t\t\t\t<div class=\"elementor-image\">\n\t\t\t\t\t\t\t\t\t\t<img width=\"640\" height=\"640\" src=\"https:\/\/irenedoyen.com\/wp-content\/uploads\/2020\/11\/livre-2.jpg\" class=\"attachment-large size-large\" alt=\"Cache-cache des animaux d\u2019Afrique\" loading=\"lazy\" srcset=\"https:\/\/irenedoyen.com\/wp-content\/uploads\/2020\/11\/livre-2.jpg 800w, https:\/\/irenedoyen.com\/wp-content\/uploads\/2020\/11\/livre-2-300x300.jpg 300w, https:\/\/irenedoyen.com\/wp-content\/uploads\/2020\/11\/livre-2-100x100.jpg 100w, https:\/\/irenedoyen.com\/wp-content\/uploads\/2020\/11\/livre-2-600x600.jpg 600w, https:\/\/irenedoyen.com\/wp-content\/uploads\/2020\/11\/livre-2-150x150.jpg 150w, https:\/\/irenedoyen.com\/wp-content\/uploads\/2020\/11\/livre-2-768x768.jpg 768w, https:\/\/irenedoyen.com\/wp-content\/uploads\/2020\/11\/livre-2-640x640.jpg 640w\" sizes=\"(max-width: 640px) 100vw, 640px\" \/>\t\t\t\t\t\t\t\t\t\t\t<\/div>\n\t\t\t\t<\/div>\n\t\t\t\t<\/div>\n\t\t\t\t\t\t<\/div>\n\t\t\t\t\t<\/div>\n\t\t<\/div>\n\t\t\t\t<div class=\"elementor-column elementor-col-50 elementor-top-column elementor-element elementor-element-344fa6d\" data-id=\"344fa6d\" data-element_type=\"column\">\n\t\t\t<div class=\"elementor-column-wrap elementor-element-populated\">\n\t\t\t\t\t\t\t<div class=\"elementor-widget-wrap\">\n\t\t\t\t\t\t<div class=\"elementor-element elementor-element-461030d elementor-invisible elementor-widget elementor-widget-text-editor\" data-id=\"461030d\" data-element_type=\"widget\" data-settings=\"{&quot;_animation&quot;:&quot;fadeIn&quot;}\" data-widget_type=\"text-editor.default\">\n\t\t\t\t<div class=\"elementor-widget-container\">\n\t\t\t\t\t<div class=\"elementor-text-editor elementor-clearfix\"><h4 style=\"margin: 40px 0px 15px; padding: 0px; border: 0px; font-variant-numeric: normal; font-variant-east-asian: normal; font-weight: 300; font-stretch: normal; font-size: 22px; line-height: 25px; font-family: Montserrat; vertical-align: baseline; text-align: center; letter-spacing: 0.22px; color: #38b6ff; background-color: #f1ecec;\"><span style=\"vertical-align: inherit; color: #ff9900;\">Livre ludique<\/span><\/h4><h3>Des animaux d&#8217;Afrique jouent \u00e0 cache-cache.<\/h3><p>Il te faudra d\u00e9couvrir quels animaux se sont fondus dans les diff\u00e9rents d\u00e9cors.<\/p><p><strong>Auteur<\/strong> &#8211; Ir\u00e8ne Doyen<\/p><\/div>\n\t\t\t\t<\/div>\n\t\t\t\t<\/div>\n\t\t\t\t<div class=\"elementor-element elementor-element-d54af5b elementor-widget elementor-widget-button\" data-id=\"d54af5b\" data-element_type=\"widget\" data-widget_type=\"button.default\">\n\t\t\t\t<div class=\"elementor-widget-container\">\n\t\t\t\t\t<div class=\"elementor-button-wrapper\">\n\t\t\t<a href=\"https:\/\/irenedoyen.com\/index.php\/produit\/cache-cache-des-animaux-dafrique\/\" class=\"elementor-button-link elementor-button elementor-size-sm\" role=\"button\">\n\t\t\t\t\t\t<span class=\"elementor-button-content-wrapper\">\n\t\t\t\t\t\t<span class=\"elementor-button-text\">Acheter<\/span>\n\t\t<\/span>\n\t\t\t\t\t<\/a>\n\t\t<\/div>\n\t\t\t\t<\/div>\n\t\t\t\t<\/div>\n\t\t\t\t\t\t<\/div>\n\t\t\t\t\t<\/div>\n\t\t<\/div>\n\t\t\t\t\t\t\t\t<\/div>\n\t\t\t\t\t<\/div>\n\t\t<\/section>\n\t\t\t\t<section class=\"elementor-section elementor-top-section elementor-element elementor-element-74d64f9 elementor-section-boxed elementor-section-height-default elementor-section-height-default\" data-id=\"74d64f9\" data-element_type=\"section\">\n\t\t\t\t\t\t<div class=\"elementor-container elementor-column-gap-default\">\n\t\t\t\t\t\t\t<div class=\"elementor-row\">\n\t\t\t\t\t<div class=\"elementor-column elementor-col-100 elementor-top-column elementor-element elementor-element-ae6a069\" data-id=\"ae6a069\" data-element_type=\"column\">\n\t\t\t<div class=\"elementor-column-wrap elementor-element-populated\">\n\t\t\t\t\t\t\t<div class=\"elementor-widget-wrap\">\n\t\t\t\t\t\t<div class=\"elementor-element elementor-element-0fa5dbb elementor-widget-divider--separator-type-pattern elementor-widget-divider--no-spacing elementor-widget-divider--view-line elementor-invisible elementor-widget elementor-widget-divider\" data-id=\"0fa5dbb\" data-element_type=\"widget\" data-settings=\"{&quot;_animation&quot;:&quot;fadeIn&quot;}\" data-widget_type=\"divider.default\">\n\t\t\t\t<div class=\"elementor-widget-container\">\n\t\t\t\t\t<div class=\"elementor-divider\" style=\"--divider-pattern-url: url(&quot;data:image\/svg+xml,%3Csvg xmlns=&#039;http:\/\/www.w3.org\/2000\/svg&#039; preserveAspectRatio=&#039;xMidYMid meet&#039; overflow=&#039;visible&#039; height=&#039;100%&#039; viewBox=&#039;0 0 126 26&#039; fill=&#039;black&#039; stroke=&#039;none&#039;%3E%3Cpath d=&#039;M3,10.2c2.6,0,2.6,2,2.6,3.2S4.4,16.5,3,16.5s-3-1.4-3-3.2S0.4,10.2,3,10.2z M18.8,10.2c1.7,0,3.2,1.4,3.2,3.2s-1.4,3.2-3.2,3.2c-1.7,0-3.2-1.4-3.2-3.2S17,10.2,18.8,10.2z M34.6,10.2c1.5,0,2.6,1.4,2.6,3.2s-0.5,3.2-1.9,3.2c-1.5,0-3.4-1.4-3.4-3.2S33.1,10.2,34.6,10.2z M50.5,10.2c1.7,0,3.2,1.4,3.2,3.2s-1.4,3.2-3.2,3.2c-1.7,0-3.3-0.9-3.3-2.6S48.7,10.2,50.5,10.2z M66.2,10.2c1.5,0,3.4,1.4,3.4,3.2s-1.9,3.2-3.4,3.2c-1.5,0-2.6-0.4-2.6-2.1S64.8,10.2,66.2,10.2z M82.2,10.2c1.7,0.8,2.6,1.4,2.6,3.2s-0.1,3.2-1.6,3.2c-1.5,0-3.7-1.4-3.7-3.2S80.5,9.4,82.2,10.2zM98.6,10.2c1.5,0,2.6,0.4,2.6,2.1s-1.2,4.2-2.6,4.2c-1.5,0-3.7-0.4-3.7-2.1S97.1,10.2,98.6,10.2z M113.4,10.2c1.2,0,2.2,0.9,2.2,3.2s-0.1,3.2-1.3,3.2s-3.1-1.4-3.1-3.2S112.2,10.2,113.4,10.2z&#039;\/%3E%3C\/svg%3E&quot;);\">\n\t\t\t<span class=\"elementor-divider-separator\">\n\t\t\t\t\t\t<\/span>\n\t\t<\/div>\n\t\t\t\t<\/div>\n\t\t\t\t<\/div>\n\t\t\t\t\t\t<\/div>\n\t\t\t\t\t<\/div>\n\t\t<\/div>\n\t\t\t\t\t\t\t\t<\/div>\n\t\t\t\t\t<\/div>\n\t\t<\/section>\n\t\t\t\t<section class=\"elementor-section elementor-top-section elementor-element elementor-element-9634e67 elementor-section-boxed elementor-section-height-default elementor-section-height-default\" data-id=\"9634e67\" data-element_type=\"section\">\n\t\t\t\t\t\t<div class=\"elementor-container elementor-column-gap-default\">\n\t\t\t\t\t\t\t<div class=\"elementor-row\">\n\t\t\t\t\t<div class=\"elementor-column elementor-col-100 elementor-top-column elementor-element elementor-element-6a5a7d0\" data-id=\"6a5a7d0\" data-element_type=\"column\">\n\t\t\t<div class=\"elementor-column-wrap elementor-element-populated\">\n\t\t\t\t\t\t\t<div class=\"elementor-widget-wrap\">\n\t\t\t\t\t\t<div class=\"elementor-element elementor-element-1acc2ac elementor-invisible elementor-widget elementor-widget-image-gallery\" data-id=\"1acc2ac\" data-element_type=\"widget\" data-settings=\"{&quot;_animation&quot;:&quot;fadeIn&quot;}\" data-widget_type=\"image-gallery.default\">\n\t\t\t\t<div class=\"elementor-widget-container\">\n\t\t\t\t\t<div class=\"elementor-image-gallery\">\n\t\t\t<div id='gallery-1' class='gallery galleryid-391 gallery-columns-3 gallery-size-medium'><figure class='gallery-item'>\n\t\t\t<div class='gallery-icon landscape'>\n\t\t\t\t<a data-elementor-open-lightbox=\"yes\" data-elementor-lightbox-slideshow=\"1acc2ac\" data-elementor-lightbox-title=\"Cache-cache des animaux d\u2019AfriqueCache-cache des animaux d\u2019Afrique\" href='https:\/\/irenedoyen.com\/wp-content\/uploads\/2020\/11\/livre-2.jpg'><img width=\"300\" height=\"300\" src=\"https:\/\/irenedoyen.com\/wp-content\/uploads\/2020\/11\/livre-2-300x300.jpg\" class=\"attachment-medium size-medium\" alt=\"Cache-cache des animaux d\u2019Afrique\" loading=\"lazy\" srcset=\"https:\/\/irenedoyen.com\/wp-content\/uploads\/2020\/11\/livre-2-300x300.jpg 300w, https:\/\/irenedoyen.com\/wp-content\/uploads\/2020\/11\/livre-2-100x100.jpg 100w, https:\/\/irenedoyen.com\/wp-content\/uploads\/2020\/11\/livre-2-600x600.jpg 600w, https:\/\/irenedoyen.com\/wp-content\/uploads\/2020\/11\/livre-2-150x150.jpg 150w, https:\/\/irenedoyen.com\/wp-content\/uploads\/2020\/11\/livre-2-768x768.jpg 768w, https:\/\/irenedoyen.com\/wp-content\/uploads\/2020\/11\/livre-2-640x640.jpg 640w, https:\/\/irenedoyen.com\/wp-content\/uploads\/2020\/11\/livre-2.jpg 800w\" sizes=\"(max-width: 300px) 100vw, 300px\" \/><\/a>\n\t\t\t<\/div><\/figure><figure class='gallery-item'>\n\t\t\t<div class='gallery-icon landscape'>\n\t\t\t\t<a data-elementor-open-lightbox=\"yes\" data-elementor-lightbox-slideshow=\"1acc2ac\" data-elementor-lightbox-title=\"pages\" href='https:\/\/irenedoyen.com\/wp-content\/uploads\/2020\/11\/site-portfolio-page.jpg'><img width=\"300\" height=\"300\" src=\"https:\/\/irenedoyen.com\/wp-content\/uploads\/2020\/11\/site-portfolio-page-300x300.jpg\" class=\"attachment-medium size-medium\" alt=\"Cache-cache des animaux d\u2019Afrique\" loading=\"lazy\" srcset=\"https:\/\/irenedoyen.com\/wp-content\/uploads\/2020\/11\/site-portfolio-page-300x300.jpg 300w, https:\/\/irenedoyen.com\/wp-content\/uploads\/2020\/11\/site-portfolio-page-100x100.jpg 100w, https:\/\/irenedoyen.com\/wp-content\/uploads\/2020\/11\/site-portfolio-page-600x600.jpg 600w, https:\/\/irenedoyen.com\/wp-content\/uploads\/2020\/11\/site-portfolio-page-150x150.jpg 150w, https:\/\/irenedoyen.com\/wp-content\/uploads\/2020\/11\/site-portfolio-page-768x768.jpg 768w, https:\/\/irenedoyen.com\/wp-content\/uploads\/2020\/11\/site-portfolio-page-640x640.jpg 640w, https:\/\/irenedoyen.com\/wp-content\/uploads\/2020\/11\/site-portfolio-page.jpg 800w\" sizes=\"(max-width: 300px) 100vw, 300px\" \/><\/a>\n\t\t\t<\/div><\/figure><figure class='gallery-item'>\n\t\t\t<div class='gallery-icon landscape'>\n\t\t\t\t<a data-elementor-open-lightbox=\"yes\" data-elementor-lightbox-slideshow=\"1acc2ac\" data-elementor-lightbox-title=\"couverture et pages\" href='https:\/\/irenedoyen.com\/wp-content\/uploads\/2020\/11\/site-portfolio-1.jpg'><img width=\"300\" height=\"300\" src=\"https:\/\/irenedoyen.com\/wp-content\/uploads\/2020\/11\/site-portfolio-1-300x300.jpg\" class=\"attachment-medium size-medium\" alt=\"Cache-cache des animaux d\u2019Afrique\" loading=\"lazy\" srcset=\"https:\/\/irenedoyen.com\/wp-content\/uploads\/2020\/11\/site-portfolio-1-300x300.jpg 300w, https:\/\/irenedoyen.com\/wp-content\/uploads\/2020\/11\/site-portfolio-1-100x100.jpg 100w, https:\/\/irenedoyen.com\/wp-content\/uploads\/2020\/11\/site-portfolio-1-600x600.jpg 600w, https:\/\/irenedoyen.com\/wp-content\/uploads\/2020\/11\/site-portfolio-1-150x150.jpg 150w, https:\/\/irenedoyen.com\/wp-content\/uploads\/2020\/11\/site-portfolio-1-768x768.jpg 768w, https:\/\/irenedoyen.com\/wp-content\/uploads\/2020\/11\/site-portfolio-1-640x640.jpg 640w, https:\/\/irenedoyen.com\/wp-content\/uploads\/2020\/11\/site-portfolio-1.jpg 800w\" sizes=\"(max-width: 300px) 100vw, 300px\" \/><\/a>\n\t\t\t<\/div><\/figure>\n\t\t<\/div>\n\t\t<\/div>\n\t\t\t\t<\/div>\n\t\t\t\t<\/div>\n\t\t\t\t\t\t<\/div>\n\t\t\t\t\t<\/div>\n\t\t<\/div>\n\t\t\t\t\t\t\t\t<\/div>\n\t\t\t\t\t<\/div>\n\t\t<\/section>\n\t\t\t\t\t\t<\/div>\n\t\t\t\t\t\t<\/div>\n\t\t\t\t\t<\/div>\n\t\t","protected":false},"excerpt":{"rendered":"<p>Livre ludique Des animaux d&#8217;Afrique jouent \u00e0 cache-cache. Il te faudra d\u00e9couvrir quels animaux se sont fondus dans les diff\u00e9rents d\u00e9cors. Auteur &#8211; Ir\u00e8ne Doyen Acheter<\/p>\n","protected":false},"author":1,"featured_media":0,"parent":0,"menu_order":0,"comment_status":"closed","ping_status":"closed","template":"","meta":[],"_links":{"self":[{"href":"https:\/\/irenedoyen.com\/index.php\/wp-json\/wp\/v2\/pages\/391"}],"collection":[{"href":"https:\/\/irenedoyen.com\/index.php\/wp-json\/wp\/v2\/pages"}],"about":[{"href":"https:\/\/irenedoyen.com\/index.php\/wp-json\/wp\/v2\/types\/page"}],"author":[{"embeddable":true,"href":"https:\/\/irenedoyen.com\/index.php\/wp-json\/wp\/v2\/users\/1"}],"replies":[{"embeddable":true,"href":"https:\/\/irenedoyen.com\/index.php\/wp-json\/wp\/v2\/comments?post=391"}],"version-history":[{"count":25,"href":"https:\/\/irenedoyen.com\/index.php\/wp-json\/wp\/v2\/pages\/391\/revisions"}],"predecessor-version":[{"id":2336,"href":"https:\/\/irenedoyen.com\/index.php\/wp-json\/wp\/v2\/pages\/391\/revisions\/2336"}],"wp:attachment":[{"href":"https:\/\/irenedoyen.com\/index.php\/wp-json\/wp\/v2\/media?parent=391"}],"curies":[{"name":"wp","href":"https:\/\/api.w.org\/{rel}","templated":true}]}}