{"id":537,"date":"2020-11-17T22:26:53","date_gmt":"2020-11-17T21:26:53","guid":{"rendered":"https:\/\/irenedoyen.com\/?page_id=537"},"modified":"2025-10-20T12:35:01","modified_gmt":"2025-10-20T10:35:01","slug":"punchao","status":"publish","type":"page","link":"https:\/\/irenedoyen.com\/index.php\/punchao\/","title":{"rendered":"Punchao"},"content":{"rendered":"\t\t<div data-elementor-type=\"wp-page\" data-elementor-id=\"537\" class=\"elementor elementor-537\" data-elementor-settings=\"[]\">\n\t\t\t\t\t\t<div class=\"elementor-inner\">\n\t\t\t\t\t\t\t<div class=\"elementor-section-wrap\">\n\t\t\t\t\t\t\t<section class=\"elementor-section elementor-top-section elementor-element elementor-element-c91c3ae elementor-section-boxed elementor-section-height-default elementor-section-height-default\" data-id=\"c91c3ae\" data-element_type=\"section\">\n\t\t\t\t\t\t<div class=\"elementor-container elementor-column-gap-default\">\n\t\t\t\t\t\t\t<div class=\"elementor-row\">\n\t\t\t\t\t<div class=\"elementor-column elementor-col-50 elementor-top-column elementor-element elementor-element-d3956ef\" data-id=\"d3956ef\" data-element_type=\"column\">\n\t\t\t<div class=\"elementor-column-wrap elementor-element-populated\">\n\t\t\t\t\t\t\t<div class=\"elementor-widget-wrap\">\n\t\t\t\t\t\t<div class=\"elementor-element elementor-element-ca3ca3e elementor-invisible elementor-widget elementor-widget-image\" data-id=\"ca3ca3e\" data-element_type=\"widget\" data-settings=\"{&quot;_animation&quot;:&quot;fadeIn&quot;}\" data-widget_type=\"image.default\">\n\t\t\t\t<div class=\"elementor-widget-container\">\n\t\t\t\t\t<div class=\"elementor-image\">\n\t\t\t\t\t\t\t\t\t\t<img width=\"640\" height=\"640\" src=\"https:\/\/irenedoyen.com\/wp-content\/uploads\/2020\/11\/vus-densemble.jpg\" class=\"attachment-large size-large\" alt=\"Punchao\" loading=\"lazy\" srcset=\"https:\/\/irenedoyen.com\/wp-content\/uploads\/2020\/11\/vus-densemble.jpg 800w, https:\/\/irenedoyen.com\/wp-content\/uploads\/2020\/11\/vus-densemble-300x300.jpg 300w, https:\/\/irenedoyen.com\/wp-content\/uploads\/2020\/11\/vus-densemble-150x150.jpg 150w, https:\/\/irenedoyen.com\/wp-content\/uploads\/2020\/11\/vus-densemble-768x768.jpg 768w, https:\/\/irenedoyen.com\/wp-content\/uploads\/2020\/11\/vus-densemble-640x640.jpg 640w, https:\/\/irenedoyen.com\/wp-content\/uploads\/2020\/11\/vus-densemble-600x600.jpg 600w, https:\/\/irenedoyen.com\/wp-content\/uploads\/2020\/11\/vus-densemble-100x100.jpg 100w\" sizes=\"(max-width: 640px) 100vw, 640px\" \/>\t\t\t\t\t\t\t\t\t\t\t<\/div>\n\t\t\t\t<\/div>\n\t\t\t\t<\/div>\n\t\t\t\t\t\t<\/div>\n\t\t\t\t\t<\/div>\n\t\t<\/div>\n\t\t\t\t<div class=\"elementor-column elementor-col-50 elementor-top-column elementor-element elementor-element-344fa6d\" data-id=\"344fa6d\" data-element_type=\"column\">\n\t\t\t<div class=\"elementor-column-wrap elementor-element-populated\">\n\t\t\t\t\t\t\t<div class=\"elementor-widget-wrap\">\n\t\t\t\t\t\t<div class=\"elementor-element elementor-element-461030d elementor-invisible elementor-widget elementor-widget-text-editor\" data-id=\"461030d\" data-element_type=\"widget\" data-settings=\"{&quot;_animation&quot;:&quot;fadeIn&quot;}\" data-widget_type=\"text-editor.default\">\n\t\t\t\t<div class=\"elementor-widget-container\">\n\t\t\t\t\t<div class=\"elementor-text-editor elementor-clearfix\"><h2 style=\"margin: 40px 0px 15px; padding: 0px; border: 0px; font-variant-numeric: normal; font-variant-east-asian: normal; font-stretch: normal; line-height: 25px; vertical-align: baseline; text-align: center; background-color: #f1ecec; letter-spacing: 0.22px; font-weight: 300; font-size: 22px; font-family: Montserrat; color: #38b6ff;\"><span style=\"vertical-align: inherit; color: #800000;\">Jeux de cartes<\/span><\/h2><h3 style=\"text-align: center;\">Punchao<\/h3><p>Dans Punchao, seul celui qui atteindra la plus forte\u00a0<span style=\"font-size: 1rem;\">combinaison pourra s\u2019emparer du 7\u1d49 cr\u00e2ne en cristal,\u00a0<\/span><span style=\"font-size: 1rem;\">source de lumi\u00e8re et de pouvoir.<\/span><\/p><p><strong>Th\u00e8me :<\/strong> Azt\u00e9que<\/p><p><strong>Auteur<\/strong>\u00a0\u2013 Ir\u00e8ne Doyen<\/p><\/div>\n\t\t\t\t<\/div>\n\t\t\t\t<\/div>\n\t\t\t\t\t\t<\/div>\n\t\t\t\t\t<\/div>\n\t\t<\/div>\n\t\t\t\t\t\t\t\t<\/div>\n\t\t\t\t\t<\/div>\n\t\t<\/section>\n\t\t\t\t<section class=\"elementor-section elementor-top-section elementor-element elementor-element-9634e67 elementor-section-boxed elementor-section-height-default elementor-section-height-default\" data-id=\"9634e67\" data-element_type=\"section\">\n\t\t\t\t\t\t<div class=\"elementor-container elementor-column-gap-default\">\n\t\t\t\t\t\t\t<div class=\"elementor-row\">\n\t\t\t\t\t<div class=\"elementor-column elementor-col-100 elementor-top-column elementor-element elementor-element-6a5a7d0\" data-id=\"6a5a7d0\" data-element_type=\"column\">\n\t\t\t<div class=\"elementor-column-wrap elementor-element-populated\">\n\t\t\t\t\t\t\t<div class=\"elementor-widget-wrap\">\n\t\t\t\t\t\t<div class=\"elementor-element elementor-element-1ea60de elementor-widget elementor-widget-text-editor\" data-id=\"1ea60de\" data-element_type=\"widget\" data-widget_type=\"text-editor.default\">\n\t\t\t\t<div class=\"elementor-widget-container\">\n\t\t\t\t\t<div class=\"elementor-text-editor elementor-clearfix\"><p style=\"text-align: center;\">Je retravaille le jeu en <strong data-start=\"473\" data-end=\"520\">apportant une touche de fra\u00eecheur visuelle <\/strong>et une retouche m\u00e9canique.<\/p><\/div>\n\t\t\t\t<\/div>\n\t\t\t\t<\/div>\n\t\t\t\t<div class=\"elementor-element elementor-element-1acc2ac elementor-invisible elementor-widget elementor-widget-image-gallery\" data-id=\"1acc2ac\" data-element_type=\"widget\" data-settings=\"{&quot;_animation&quot;:&quot;fadeIn&quot;}\" data-widget_type=\"image-gallery.default\">\n\t\t\t\t<div class=\"elementor-widget-container\">\n\t\t\t\t\t<div class=\"elementor-image-gallery\">\n\t\t\t<div id='gallery-1' class='gallery galleryid-537 gallery-columns-3 gallery-size-medium'><figure class='gallery-item'>\n\t\t\t<div class='gallery-icon landscape'>\n\t\t\t\t<a data-elementor-open-lightbox=\"yes\" data-elementor-lightbox-slideshow=\"1acc2ac\" data-elementor-lightbox-title=\"punchao\" href='https:\/\/irenedoyen.com\/wp-content\/uploads\/2025\/10\/Capture-decran-2025-10-20-112832.png'><img width=\"300\" height=\"284\" src=\"https:\/\/irenedoyen.com\/wp-content\/uploads\/2025\/10\/Capture-decran-2025-10-20-112832-300x284.png\" class=\"attachment-medium size-medium\" alt=\"punchao carte jeux soci\u00e9t\u00e9 combinaison\" loading=\"lazy\" srcset=\"https:\/\/irenedoyen.com\/wp-content\/uploads\/2025\/10\/Capture-decran-2025-10-20-112832-300x284.png 300w, https:\/\/irenedoyen.com\/wp-content\/uploads\/2025\/10\/Capture-decran-2025-10-20-112832-1024x969.png 1024w, https:\/\/irenedoyen.com\/wp-content\/uploads\/2025\/10\/Capture-decran-2025-10-20-112832-768x727.png 768w, https:\/\/irenedoyen.com\/wp-content\/uploads\/2025\/10\/Capture-decran-2025-10-20-112832-1536x1453.png 1536w, https:\/\/irenedoyen.com\/wp-content\/uploads\/2025\/10\/Capture-decran-2025-10-20-112832-640x606.png 640w, https:\/\/irenedoyen.com\/wp-content\/uploads\/2025\/10\/Capture-decran-2025-10-20-112832-600x568.png 600w, https:\/\/irenedoyen.com\/wp-content\/uploads\/2025\/10\/Capture-decran-2025-10-20-112832.png 1765w\" sizes=\"(max-width: 300px) 100vw, 300px\" \/><\/a>\n\t\t\t<\/div><\/figure><figure class='gallery-item'>\n\t\t\t<div class='gallery-icon landscape'>\n\t\t\t\t<a data-elementor-open-lightbox=\"yes\" data-elementor-lightbox-slideshow=\"1acc2ac\" data-elementor-lightbox-title=\"punchao\" href='https:\/\/irenedoyen.com\/wp-content\/uploads\/2025\/10\/Capture-decran-2025-10-20-113758.png'><img width=\"300\" height=\"294\" src=\"https:\/\/irenedoyen.com\/wp-content\/uploads\/2025\/10\/Capture-decran-2025-10-20-113758-300x294.png\" class=\"attachment-medium size-medium\" alt=\"symbole\" loading=\"lazy\" srcset=\"https:\/\/irenedoyen.com\/wp-content\/uploads\/2025\/10\/Capture-decran-2025-10-20-113758-300x294.png 300w, https:\/\/irenedoyen.com\/wp-content\/uploads\/2025\/10\/Capture-decran-2025-10-20-113758-640x628.png 640w, https:\/\/irenedoyen.com\/wp-content\/uploads\/2025\/10\/Capture-decran-2025-10-20-113758-600x589.png 600w, https:\/\/irenedoyen.com\/wp-content\/uploads\/2025\/10\/Capture-decran-2025-10-20-113758.png 695w\" sizes=\"(max-width: 300px) 100vw, 300px\" \/><\/a>\n\t\t\t<\/div><\/figure>\n\t\t<\/div>\n\t\t<\/div>\n\t\t\t\t<\/div>\n\t\t\t\t<\/div>\n\t\t\t\t<div class=\"elementor-element elementor-element-e4395d9 elementor-widget elementor-widget-text-editor\" data-id=\"e4395d9\" data-element_type=\"widget\" data-widget_type=\"text-editor.default\">\n\t\t\t\t<div class=\"elementor-widget-container\">\n\t\t\t\t\t<div class=\"elementor-text-editor elementor-clearfix\"><p style=\"text-align: center;\">Voici une pr\u00e9sentation de l\u2019ancienne version du jeu.<\/p><\/div>\n\t\t\t\t<\/div>\n\t\t\t\t<\/div>\n\t\t\t\t<div class=\"elementor-element elementor-element-9ec997e elementor-invisible elementor-widget elementor-widget-image-gallery\" data-id=\"9ec997e\" data-element_type=\"widget\" data-settings=\"{&quot;_animation&quot;:&quot;fadeIn&quot;}\" data-widget_type=\"image-gallery.default\">\n\t\t\t\t<div class=\"elementor-widget-container\">\n\t\t\t\t\t<div class=\"elementor-image-gallery\">\n\t\t\t<div id='gallery-2' class='gallery galleryid-537 gallery-columns-3 gallery-size-medium'><figure class='gallery-item'>\n\t\t\t<div class='gallery-icon landscape'>\n\t\t\t\t<a data-elementor-open-lightbox=\"yes\" data-elementor-lightbox-slideshow=\"9ec997e\" data-elementor-lightbox-title=\"vus d&#039;ensemble\" href='https:\/\/irenedoyen.com\/wp-content\/uploads\/2020\/11\/vus-densemble.jpg'><img width=\"300\" height=\"300\" src=\"https:\/\/irenedoyen.com\/wp-content\/uploads\/2020\/11\/vus-densemble-300x300.jpg\" class=\"attachment-medium size-medium\" alt=\"Punchao\" loading=\"lazy\" srcset=\"https:\/\/irenedoyen.com\/wp-content\/uploads\/2020\/11\/vus-densemble-300x300.jpg 300w, https:\/\/irenedoyen.com\/wp-content\/uploads\/2020\/11\/vus-densemble-150x150.jpg 150w, https:\/\/irenedoyen.com\/wp-content\/uploads\/2020\/11\/vus-densemble-768x768.jpg 768w, https:\/\/irenedoyen.com\/wp-content\/uploads\/2020\/11\/vus-densemble-640x640.jpg 640w, https:\/\/irenedoyen.com\/wp-content\/uploads\/2020\/11\/vus-densemble-600x600.jpg 600w, https:\/\/irenedoyen.com\/wp-content\/uploads\/2020\/11\/vus-densemble-100x100.jpg 100w, https:\/\/irenedoyen.com\/wp-content\/uploads\/2020\/11\/vus-densemble.jpg 800w\" sizes=\"(max-width: 300px) 100vw, 300px\" \/><\/a>\n\t\t\t<\/div><\/figure>\n\t\t<\/div>\n\t\t<\/div>\n\t\t\t\t<\/div>\n\t\t\t\t<\/div>\n\t\t\t\t\t\t<\/div>\n\t\t\t\t\t<\/div>\n\t\t<\/div>\n\t\t\t\t\t\t\t\t<\/div>\n\t\t\t\t\t<\/div>\n\t\t<\/section>\n\t\t\t\t\t\t<\/div>\n\t\t\t\t\t\t<\/div>\n\t\t\t\t\t<\/div>\n\t\t","protected":false},"excerpt":{"rendered":"<p>Jeux de cartes Punchao Dans Punchao, seul celui qui atteindra la plus forte\u00a0combinaison pourra s\u2019emparer du 7\u1d49 cr\u00e2ne en cristal,\u00a0source de lumi\u00e8re et de pouvoir. Th\u00e8me : Azt\u00e9que Auteur\u00a0\u2013 Ir\u00e8ne Doyen Je retravaille le jeu en apportant une touche de fra\u00eecheur visuelle et une retouche m\u00e9canique. Voici une pr\u00e9sentation de l\u2019ancienne version du jeu.<\/p>\n","protected":false},"author":1,"featured_media":0,"parent":0,"menu_order":0,"comment_status":"closed","ping_status":"closed","template":"","meta":[],"_links":{"self":[{"href":"https:\/\/irenedoyen.com\/index.php\/wp-json\/wp\/v2\/pages\/537"}],"collection":[{"href":"https:\/\/irenedoyen.com\/index.php\/wp-json\/wp\/v2\/pages"}],"about":[{"href":"https:\/\/irenedoyen.com\/index.php\/wp-json\/wp\/v2\/types\/page"}],"author":[{"embeddable":true,"href":"https:\/\/irenedoyen.com\/index.php\/wp-json\/wp\/v2\/users\/1"}],"replies":[{"embeddable":true,"href":"https:\/\/irenedoyen.com\/index.php\/wp-json\/wp\/v2\/comments?post=537"}],"version-history":[{"count":19,"href":"https:\/\/irenedoyen.com\/index.php\/wp-json\/wp\/v2\/pages\/537\/revisions"}],"predecessor-version":[{"id":2348,"href":"https:\/\/irenedoyen.com\/index.php\/wp-json\/wp\/v2\/pages\/537\/revisions\/2348"}],"wp:attachment":[{"href":"https:\/\/irenedoyen.com\/index.php\/wp-json\/wp\/v2\/media?parent=537"}],"curies":[{"name":"wp","href":"https:\/\/api.w.org\/{rel}","templated":true}]}}