{"id":839,"date":"2020-11-30T18:16:15","date_gmt":"2020-11-30T17:16:15","guid":{"rendered":"https:\/\/irenedoyen.com\/?page_id=839"},"modified":"2020-11-30T18:16:15","modified_gmt":"2020-11-30T17:16:15","slug":"mentions-legales","status":"publish","type":"page","link":"https:\/\/irenedoyen.com\/index.php\/mentions-legales\/","title":{"rendered":"Mentions l\u00e9gales"},"content":{"rendered":"\n<p>Merci de lire attentivement les pr\u00e9sentes modalit\u00e9s d&#8217;utilisation du pr\u00e9sent site avant de le parcourir. En vous connectant sur ce site, vous acceptez sans r\u00e9serve les pr\u00e9sentes modalit\u00e9s.<\/p>\n\n\n\n<h2>\u00c9diteur du site<\/h2>\n\n\n\n<p><strong>Ir\u00e8ne Doyen<\/strong><br>Lyon, France<br><a href=\"mailto:irenedoyen@outlook.com\">irenedoyen@outlook.com<\/a><br><a href=\"https:\/\/www.3types.fr\">www.irenedoyen.com<\/a><\/p>\n\n\n\n<h2>Conditions d&#8217;utilisation<\/h2>\n\n\n\n<p>Le site accessible par l&#8217;url www.irenedoyen.com est exploit\u00e9 dans le respect de la l\u00e9gislation fran\u00e7aise. L&#8217;utilisation de ce site est r\u00e9gie par les pr\u00e9sentes conditions g\u00e9n\u00e9rales. En utilisant le site, vous reconnaissez avoir pris connaissance de ces conditions et les avoir accept\u00e9es. Celles-ci pourront \u00eatres modifi\u00e9es \u00e0 tout moment et sans pr\u00e9avis par Madame Ir\u00e8ne Doyen. Cette derni\u00e8re ne saurait \u00eatre tenu pour responsable en aucune mani\u00e8re d\u2019une mauvaise utilisation du service.<\/p>\n\n\n\n<h2>Limitation de responsabilit\u00e9<\/h2>\n\n\n\n<p>Les informations contenues sur ce site sont aussi pr\u00e9cises que possibles et le site est p\u00e9riodiquement remis \u00e0 jour, mais peut toutefois contenir des inexactitudes, des omissions ou des lacunes. Si vous constatez une lacune, erreur ou ce qui parait \u00eatre un dysfonctionnement, merci de bien vouloir le signaler par e-mail en d\u00e9crivant le probl\u00e8me de la mani\u00e8re la plus pr\u00e9cise possible (page posant probl\u00e8me, action d\u00e9clenchante, type d\u2019ordinateur et de navigateur utilis\u00e9, \u2026).<\/p>\n\n\n\n<p>Tout contenu t\u00e9l\u00e9charg\u00e9 se fait aux risques et p\u00e9rils de l&#8217;utilisateur et sous sa seule responsabilit\u00e9. En cons\u00e9quence, Madame Ir\u00e8ne Doyen ne saurait \u00eatre tenue responsable d&#8217;un quelconque dommage subi par l&#8217;ordinateur de l&#8217;utilisateur ou d&#8217;une quelconque perte de donn\u00e9es cons\u00e9cutives au t\u00e9l\u00e9chargement.<\/p>\n\n\n\n<p>Les photos sont non contractuelles.<\/p>\n\n\n\n<p>Les liens hypertextes mis en place dans le cadre du pr\u00e9sent site internet en direction d&#8217;autres essources pr\u00e9sentes sur le r\u00e9seau Internet ne sauraient engager la responsabilit\u00e9 de Madame Ir\u00e8ne Doyen.<\/p>\n\n\n\n<h2>Litiges<\/h2>\n\n\n\n<p>Les pr\u00e9sentes conditions sont r\u00e9gies par les lois fran\u00e7aises et toute contestation ou litiges qui pourraient na\u00eetre de l&#8217;interpr\u00e9tation ou de l&#8217;ex\u00e9cution de celles-ci seront de la comp\u00e9tence exclusive des tribunaux dont d\u00e9pend Madame Ir\u00e8ne Doyen. La langue de r\u00e9f\u00e9rence, pour le r\u00e8glement de contentieux \u00e9ventuels, est le fran\u00e7ais.<\/p>\n\n\n\n<h2>Droit d&#8217;acc\u00e8s<\/h2>\n\n\n\n<p>En application de cette loi, les internautes disposent d\u2019un droit d\u2019acc\u00e8s, de rectification, de modification et de suppression concernant les donn\u00e9es qui les concernent personnellement. Ce droit peut \u00eatre exerc\u00e9 par voie \u00e9lectronique \u00e0 l\u2019adresse e-mail suivante : irenedoyen@outlook.com.<br>Les informations personnelles collect\u00e9es ne sont en aucun cas confi\u00e9es \u00e0 des tiers.<\/p>\n\n\n\n<p>Les informations recueillies vous concernant font l\u2019objet d\u2019un traitement destin\u00e9 \u00e0 : Ir\u00e8ne Doyen<br>Pour la finalit\u00e9 suivante : Devis, demande d&#8217;informations, candidature et analyse du trafic web.<br>Les destinataires de ces donn\u00e9es sont : Ir\u00e8ne Doyen.<br>La dur\u00e9e de conservation des donn\u00e9es est de 6 ans apr\u00e8s l\u2019inscription et de 4 ans pour les donn\u00e9es clients.<br>Vous b\u00e9n\u00e9ficiez d\u2019un droit d\u2019acc\u00e8s, de rectification, de portabilit\u00e9, d\u2019effacement de celles-ci ou une limitation du traitement.<br>Vous pouvez vous opposer au traitement des donn\u00e9es vous concernant et disposez du droit de retirer votre consentement \u00e0 tout moment en vous adressant \u00e0 : irenedoyen@outlook.com.<br>Vous avez la possibilit\u00e9 d\u2019introduire une r\u00e9clamation aupr\u00e8s d\u2019une autorit\u00e9 de contr\u00f4le.<br>Depuis la loi \u201cinformatique et libert\u00e9s\u201d du 6 janvier 1978 modifi\u00e9e, vous b\u00e9n\u00e9ficiez d\u2019un droit d\u2019acc\u00e8s et de rectification aux informations qui vous concernent. Si vous souhaitez exercer ce droit et obtenir communication des informations vous concernant, veuillez vous adresser \u00e0 irenedoyen@outlook.com.<br>Vous pouvez \u00e9galement, pour des motifs l\u00e9gitimes, vous opposer au traitement des donn\u00e9es vous concernant.<\/p>\n\n\n\n<h2>Confidentialit\u00e9<\/h2>\n\n\n\n<p>Vos donn\u00e9es personnelles sont confidentielles et ne seront en aucun cas communiqu\u00e9es \u00e0 des tiers.<\/p>\n\n\n\n<h2>Propri\u00e9t\u00e9 intellectuelle<\/h2>\n\n\n\n<p>Tout le contenu du pr\u00e9sent site, incluant, de fa\u00e7on non limitative, les graphismes, images, textes, vid\u00e9os, animations, sons, illustrations, gifs et ic\u00f4nes ainsi que leur mise en forme sont la propri\u00e9t\u00e9 exclusive de Madame Ir\u00e8ne Doyen \u00e0 l&#8217;exception des marques ou contenus appartenant \u00e0 d&#8217;autres soci\u00e9t\u00e9s partenaires ou auteurs.<br>Toute reproduction, distribution, modification, adaptation, retransmission ou publication, m\u00eame partielle, de ces diff\u00e9rents \u00e9l\u00e9ments est strictement interdite sans l&#8217;accord expr\u00e8s par \u00e9crit de Madame Ir\u00e8ne Doyen. Cette repr\u00e9sentation ou reproduction, par quelque proc\u00e9d\u00e9 que ce soit, constitue une contrefa\u00e7on sanctionn\u00e9e par les articles L.3335-2 et suivants du Code de la propri\u00e9t\u00e9 intellectuelle. Le non-respect de cette interdiction constitue une contrefa\u00e7on pouvant engager la responsabilit\u00e9 civile et p\u00e9nale du contrefacteur. En outre, les propri\u00e9taires des contenus copi\u00e9s pourraient intenter une action en justice \u00e0 votre encontre.<\/p>\n\n\n\n<p>Madame Ir\u00e8ne Doyen est identiquement propri\u00e9taire des &#8220;droits des producteurs de bases de donn\u00e9es&#8221; vis\u00e9s au Livre III, Titre IV, du Code de la Propri\u00e9t\u00e9 Intellectuelle (loi n\u00b0 98-536 du 1er juillet 1998) relative aux droits d&#8217;auteur et aux bases de donn\u00e9es.<\/p>\n\n\n\n<p>Les utilisateurs et visiteurs du site internet peuvent mettre en place un hyperlien en direction de ce site.<\/p>\n\n\n\n<p>Pour toute demande d&#8217;autorisation ou d&#8217;information, veuillez nous contacter par email : irenedoyen@outlook.com.<\/p>\n\n\n\n<h2>H\u00e9bergeur<\/h2>\n\n\n\n<p>OVH<br>H\u00e9bergeur et op\u00e9rateur de t\u00e9l\u00e9communications<br>www.ovh.com<br><\/p>\n\n\n\n<h2>Liens hypertextes<\/h2>\n\n\n\n<p>Le site internet de Madame Ir\u00e8ne Doyen peut offrir des liens vers d\u2019autres sites internet ou d\u2019autres ressources disponibles sur Internet.<\/p>\n\n\n\n<p>Madame Ir\u00e8ne Doyen ne dispose d&#8217;aucun moyen pour contr\u00f4ler les sites en connexion avec ses sites internet. Madame Ir\u00e8ne Doyen ne r\u00e9pond pas de la disponibilit\u00e9 de tels sites et sources externes, ni ne la garantit. Elle ne peut \u00eatre tenue pour responsable de tout dommage, de quelque nature que ce soit, r\u00e9sultant du contenu de ces sites ou sources externes, et notamment des informations, produits ou services qu\u2019ils proposent, ou de tout usage qui peut \u00eatre fait de ces \u00e9l\u00e9ments. Les risques li\u00e9s \u00e0 cette utilisation incombent pleinement \u00e0 l&#8217;internaute, qui doit se conformer \u00e0 leurs conditions d&#8217;utilisation.<\/p>\n\n\n\n<h2>Pr\u00e9cautions d&#8217;usage<\/h2>\n\n\n\n<p>Il vous incombe par cons\u00e9quent de prendre les pr\u00e9cautions d&#8217;usage n\u00e9cessaires pour vous assurer que ce que vous choisissez d&#8217;utiliser ne soit pas entach\u00e9 d&#8217;erreurs voire d&#8217;\u00e9l\u00e9ments de nature destructrice tels que virus, trojans, etc&#8230;<\/p>\n\n\n\n<h2>Responsabilit\u00e9<\/h2>\n\n\n\n<p>Aucune autre garantie n&#8217;est accord\u00e9e au client, auquel incombe l&#8217;obligation de formuler clairement ses besoins et le devoir de s&#8217;informer. Si des informations fournies par Madame Ir\u00e8ne Doyen apparaissent inexactes, il appartiendra au client de proc\u00e9der lui-m\u00eame \u00e0 toutes v\u00e9rifications de la coh\u00e9rence ou de la vraisemblance des r\u00e9sultats obtenus. Madame Ir\u00e8ne Doyen ne sera en aucune fa\u00e7on responsable vis \u00e0 vis des tiers de l&#8217;utilisation par le client des informations ou de leur absence contenues dans ses produits y compris un de ses sites internet.<\/p>\n\n\n\n<h2>Conditions g\u00e9n\u00e9rales de vente<\/h2>\n\n\n\n<p>Les conceptions mises en vente peuvent \u00eatre achet\u00e9es via virement bancaire ou PayPal. Une fois le paiement effectu\u00e9, l&#8217;\u00e9l\u00e9ment achet\u00e9 sera envoy\u00e9 dans les plus bref d\u00e9lais.<\/p>\n\n\n\n<p>Si toutefois vous rencontrez quelconque probl\u00e8me, que ce soit pendant l&#8217;achat ou apr\u00e8s l&#8217;achat, contacter : irenedoyen@outlook.com.<\/p>\n\n\n\n<h2>Contactez-nous<\/h2>\n\n\n\n<p>Madame Ir\u00e8ne Doyen est \u00e0 votre disposition pour tous vos commentaires ou suggestions. Vous pouvez nous \u00e9crire en fran\u00e7ais par courrier \u00e9lectronique \u00e0 : irenedoyen@outlook.com.<\/p>\n","protected":false},"excerpt":{"rendered":"<p>Merci de lire attentivement les pr\u00e9sentes modalit\u00e9s d&#8217;utilisation du pr\u00e9sent site avant de le parcourir. En vous connectant sur ce site, vous acceptez sans r\u00e9serve les pr\u00e9sentes modalit\u00e9s. \u00c9diteur du site Ir\u00e8ne DoyenLyon, Franceirenedoyen@outlook.comwww.irenedoyen.com Conditions d&#8217;utilisation Le site accessible par l&#8217;url www.irenedoyen.com est exploit\u00e9 dans le respect de la l\u00e9gislation fran\u00e7aise. L&#8217;utilisation de ce site [&hellip;]<\/p>\n","protected":false},"author":1,"featured_media":0,"parent":0,"menu_order":0,"comment_status":"closed","ping_status":"closed","template":"","meta":[],"_links":{"self":[{"href":"https:\/\/irenedoyen.com\/index.php\/wp-json\/wp\/v2\/pages\/839"}],"collection":[{"href":"https:\/\/irenedoyen.com\/index.php\/wp-json\/wp\/v2\/pages"}],"about":[{"href":"https:\/\/irenedoyen.com\/index.php\/wp-json\/wp\/v2\/types\/page"}],"author":[{"embeddable":true,"href":"https:\/\/irenedoyen.com\/index.php\/wp-json\/wp\/v2\/users\/1"}],"replies":[{"embeddable":true,"href":"https:\/\/irenedoyen.com\/index.php\/wp-json\/wp\/v2\/comments?post=839"}],"version-history":[{"count":1,"href":"https:\/\/irenedoyen.com\/index.php\/wp-json\/wp\/v2\/pages\/839\/revisions"}],"predecessor-version":[{"id":840,"href":"https:\/\/irenedoyen.com\/index.php\/wp-json\/wp\/v2\/pages\/839\/revisions\/840"}],"wp:attachment":[{"href":"https:\/\/irenedoyen.com\/index.php\/wp-json\/wp\/v2\/media?parent=839"}],"curies":[{"name":"wp","href":"https:\/\/api.w.org\/{rel}","templated":true}]}}