{"id":898,"date":"2021-06-02T12:27:58","date_gmt":"2021-06-02T10:27:58","guid":{"rendered":"https:\/\/irenedoyen.com\/?page_id=898"},"modified":"2021-07-30T22:52:39","modified_gmt":"2021-07-30T20:52:39","slug":"catch-me","status":"publish","type":"page","link":"https:\/\/irenedoyen.com\/index.php\/catch-me\/","title":{"rendered":"Catch Me !"},"content":{"rendered":"\t\t<div data-elementor-type=\"wp-page\" data-elementor-id=\"898\" class=\"elementor elementor-898\" data-elementor-settings=\"[]\">\n\t\t\t\t\t\t<div class=\"elementor-inner\">\n\t\t\t\t\t\t\t<div class=\"elementor-section-wrap\">\n\t\t\t\t\t\t\t<section class=\"elementor-section elementor-top-section elementor-element elementor-element-63f413b elementor-section-boxed elementor-section-height-default elementor-section-height-default elementor-invisible\" data-id=\"63f413b\" data-element_type=\"section\" data-settings=\"{&quot;animation&quot;:&quot;fadeIn&quot;}\">\n\t\t\t\t\t\t<div class=\"elementor-container elementor-column-gap-default\">\n\t\t\t\t\t\t\t<div class=\"elementor-row\">\n\t\t\t\t\t<div class=\"elementor-column elementor-col-100 elementor-top-column elementor-element elementor-element-42e9fc7\" data-id=\"42e9fc7\" data-element_type=\"column\">\n\t\t\t<div class=\"elementor-column-wrap elementor-element-populated\">\n\t\t\t\t\t\t\t<div class=\"elementor-widget-wrap\">\n\t\t\t\t\t\t<div class=\"elementor-element elementor-element-0299d64 elementor-invisible elementor-widget elementor-widget-image\" data-id=\"0299d64\" data-element_type=\"widget\" data-settings=\"{&quot;_animation&quot;:&quot;fadeIn&quot;}\" data-widget_type=\"image.default\">\n\t\t\t\t<div class=\"elementor-widget-container\">\n\t\t\t\t\t<div class=\"elementor-image\">\n\t\t\t\t\t\t\t\t\t\t<img width=\"640\" height=\"640\" src=\"https:\/\/irenedoyen.com\/wp-content\/uploads\/2021\/07\/presentation-catch-me.jpg\" class=\"attachment-large size-large\" alt=\"pr\u00e9sentation catch me\" loading=\"lazy\" srcset=\"https:\/\/irenedoyen.com\/wp-content\/uploads\/2021\/07\/presentation-catch-me.jpg 800w, https:\/\/irenedoyen.com\/wp-content\/uploads\/2021\/07\/presentation-catch-me-300x300.jpg 300w, https:\/\/irenedoyen.com\/wp-content\/uploads\/2021\/07\/presentation-catch-me-150x150.jpg 150w, https:\/\/irenedoyen.com\/wp-content\/uploads\/2021\/07\/presentation-catch-me-768x768.jpg 768w, https:\/\/irenedoyen.com\/wp-content\/uploads\/2021\/07\/presentation-catch-me-640x640.jpg 640w, https:\/\/irenedoyen.com\/wp-content\/uploads\/2021\/07\/presentation-catch-me-600x600.jpg 600w, https:\/\/irenedoyen.com\/wp-content\/uploads\/2021\/07\/presentation-catch-me-100x100.jpg 100w\" sizes=\"(max-width: 640px) 100vw, 640px\" \/>\t\t\t\t\t\t\t\t\t\t\t<\/div>\n\t\t\t\t<\/div>\n\t\t\t\t<\/div>\n\t\t\t\t\t\t<\/div>\n\t\t\t\t\t<\/div>\n\t\t<\/div>\n\t\t\t\t<div class=\"elementor-column elementor-col-100 elementor-top-column elementor-element elementor-element-463ee71\" data-id=\"463ee71\" data-element_type=\"column\">\n\t\t\t<div class=\"elementor-column-wrap elementor-element-populated\">\n\t\t\t\t\t\t\t<div class=\"elementor-widget-wrap\">\n\t\t\t\t\t\t<div class=\"elementor-element elementor-element-335557e elementor-widget elementor-widget-text-editor\" data-id=\"335557e\" data-element_type=\"widget\" data-widget_type=\"text-editor.default\">\n\t\t\t\t<div class=\"elementor-widget-container\">\n\t\t\t\t\t<div class=\"elementor-text-editor elementor-clearfix\"><p>\u00a0<\/p><p>&#8220;Projet en cours&#8221;<\/p><p>Illustration &amp; Logo<br \/>Affiches d\u00e9tourn\u00e9es pour le jeux vid\u00e9o\u00a0<\/p><p>&#8220;Catch Me !\u00a0<span style=\"color: var( --e-global-color-text ); font-family: var( --e-global-typography-text-font-family ), Sans-serif; font-weight: var( --e-global-typography-text-font-weight ); font-size: 1rem;\">Another unfinished game&#8221;<\/span><\/p><\/div>\n\t\t\t\t<\/div>\n\t\t\t\t<\/div>\n\t\t\t\t\t\t<\/div>\n\t\t\t\t\t<\/div>\n\t\t<\/div>\n\t\t\t\t\t\t\t\t<\/div>\n\t\t\t\t\t<\/div>\n\t\t<\/section>\n\t\t\t\t<section class=\"elementor-section elementor-top-section elementor-element elementor-element-7433454 elementor-section-boxed elementor-section-height-default elementor-section-height-default\" data-id=\"7433454\" data-element_type=\"section\">\n\t\t\t\t\t\t<div class=\"elementor-container elementor-column-gap-default\">\n\t\t\t\t\t\t\t<div class=\"elementor-row\">\n\t\t\t\t\t\t\t\t\t<\/div>\n\t\t\t\t\t<\/div>\n\t\t<\/section>\n\t\t\t\t<section class=\"elementor-section elementor-top-section elementor-element elementor-element-e5dae57 elementor-section-boxed elementor-section-height-default elementor-section-height-default elementor-invisible\" data-id=\"e5dae57\" data-element_type=\"section\" data-settings=\"{&quot;animation&quot;:&quot;fadeIn&quot;}\">\n\t\t\t\t\t\t<div class=\"elementor-container elementor-column-gap-default\">\n\t\t\t\t\t\t\t<div class=\"elementor-row\">\n\t\t\t\t\t<div class=\"elementor-column elementor-col-100 elementor-top-column elementor-element elementor-element-778b2d1\" data-id=\"778b2d1\" data-element_type=\"column\">\n\t\t\t<div class=\"elementor-column-wrap elementor-element-populated\">\n\t\t\t\t\t\t\t<div class=\"elementor-widget-wrap\">\n\t\t\t\t\t\t<div class=\"elementor-element elementor-element-b7e2744 elementor-widget elementor-widget-image-gallery\" data-id=\"b7e2744\" data-element_type=\"widget\" data-widget_type=\"image-gallery.default\">\n\t\t\t\t<div class=\"elementor-widget-container\">\n\t\t\t\t\t<div class=\"elementor-image-gallery\">\n\t\t\t<div id='gallery-1' class='gallery galleryid-898 gallery-columns-4 gallery-size-medium'><figure class='gallery-item'>\n\t\t\t<div class='gallery-icon landscape'>\n\t\t\t\t<a data-elementor-open-lightbox=\"yes\" data-elementor-lightbox-slideshow=\"b7e2744\" data-elementor-lightbox-title=\"Catch me !\" data-elementor-lightbox-description=\"Logo pour le jeux vid\u00e9o &quot;Catch Me! Another unfinished game&quot;\" href='https:\/\/irenedoyen.com\/wp-content\/uploads\/2021\/07\/logo.jpg'><img width=\"300\" height=\"300\" src=\"https:\/\/irenedoyen.com\/wp-content\/uploads\/2021\/07\/logo-300x300.jpg\" class=\"attachment-medium size-medium\" alt=\"Catch me !\" loading=\"lazy\" srcset=\"https:\/\/irenedoyen.com\/wp-content\/uploads\/2021\/07\/logo-300x300.jpg 300w, https:\/\/irenedoyen.com\/wp-content\/uploads\/2021\/07\/logo-150x150.jpg 150w, https:\/\/irenedoyen.com\/wp-content\/uploads\/2021\/07\/logo-768x768.jpg 768w, https:\/\/irenedoyen.com\/wp-content\/uploads\/2021\/07\/logo-640x640.jpg 640w, https:\/\/irenedoyen.com\/wp-content\/uploads\/2021\/07\/logo-600x600.jpg 600w, https:\/\/irenedoyen.com\/wp-content\/uploads\/2021\/07\/logo-100x100.jpg 100w, https:\/\/irenedoyen.com\/wp-content\/uploads\/2021\/07\/logo.jpg 1021w\" sizes=\"(max-width: 300px) 100vw, 300px\" \/><\/a>\n\t\t\t<\/div><\/figure><figure class='gallery-item'>\n\t\t\t<div class='gallery-icon portrait'>\n\t\t\t\t<a data-elementor-open-lightbox=\"yes\" data-elementor-lightbox-slideshow=\"b7e2744\" data-elementor-lightbox-title=\"La Sir\u00e8ne et le Blobfish\" data-elementor-lightbox-description=\"Affiche d\u00e9tourn\u00e9e de la &quot;La Princesse et la Grenouille&quot; pour le jeux vid\u00e9o &quot;Catch Me! Another unfinished game&quot;\" href='https:\/\/irenedoyen.com\/wp-content\/uploads\/2021\/07\/Mermaid-and-the-blobfish-1.jpg'><img width=\"212\" height=\"300\" src=\"https:\/\/irenedoyen.com\/wp-content\/uploads\/2021\/07\/Mermaid-and-the-blobfish-1-212x300.jpg\" class=\"attachment-medium size-medium\" alt=\"La Sir\u00e8ne et le Blobfish\" loading=\"lazy\" srcset=\"https:\/\/irenedoyen.com\/wp-content\/uploads\/2021\/07\/Mermaid-and-the-blobfish-1-212x300.jpg 212w, https:\/\/irenedoyen.com\/wp-content\/uploads\/2021\/07\/Mermaid-and-the-blobfish-1-724x1024.jpg 724w, https:\/\/irenedoyen.com\/wp-content\/uploads\/2021\/07\/Mermaid-and-the-blobfish-1-768x1086.jpg 768w, https:\/\/irenedoyen.com\/wp-content\/uploads\/2021\/07\/Mermaid-and-the-blobfish-1-1086x1536.jpg 1086w, https:\/\/irenedoyen.com\/wp-content\/uploads\/2021\/07\/Mermaid-and-the-blobfish-1-640x905.jpg 640w, https:\/\/irenedoyen.com\/wp-content\/uploads\/2021\/07\/Mermaid-and-the-blobfish-1-600x848.jpg 600w, https:\/\/irenedoyen.com\/wp-content\/uploads\/2021\/07\/Mermaid-and-the-blobfish-1.jpg 1358w\" sizes=\"(max-width: 212px) 100vw, 212px\" \/><\/a>\n\t\t\t<\/div><\/figure><figure class='gallery-item'>\n\t\t\t<div class='gallery-icon portrait'>\n\t\t\t\t<a data-elementor-open-lightbox=\"yes\" data-elementor-lightbox-slideshow=\"b7e2744\" data-elementor-lightbox-title=\"La Maison ambulante\" data-elementor-lightbox-description=\"Affiche d\u00e9tourn\u00e9e du &quot;Le Ch\u00e2teau ambulant&quot; pour le jeux vid\u00e9o &quot;Catch Me! Another unfinished game&quot;\" href='https:\/\/irenedoyen.com\/wp-content\/uploads\/2021\/07\/la-maison-ambulante.jpg'><img width=\"212\" height=\"300\" src=\"https:\/\/irenedoyen.com\/wp-content\/uploads\/2021\/07\/la-maison-ambulante-212x300.jpg\" class=\"attachment-medium size-medium\" alt=\"La Maison ambulante\" loading=\"lazy\" srcset=\"https:\/\/irenedoyen.com\/wp-content\/uploads\/2021\/07\/la-maison-ambulante-212x300.jpg 212w, https:\/\/irenedoyen.com\/wp-content\/uploads\/2021\/07\/la-maison-ambulante-724x1024.jpg 724w, https:\/\/irenedoyen.com\/wp-content\/uploads\/2021\/07\/la-maison-ambulante-768x1086.jpg 768w, https:\/\/irenedoyen.com\/wp-content\/uploads\/2021\/07\/la-maison-ambulante-1086x1536.jpg 1086w, https:\/\/irenedoyen.com\/wp-content\/uploads\/2021\/07\/la-maison-ambulante-640x905.jpg 640w, https:\/\/irenedoyen.com\/wp-content\/uploads\/2021\/07\/la-maison-ambulante-600x848.jpg 600w, https:\/\/irenedoyen.com\/wp-content\/uploads\/2021\/07\/la-maison-ambulante.jpg 1358w\" sizes=\"(max-width: 212px) 100vw, 212px\" \/><\/a>\n\t\t\t<\/div><\/figure><figure class='gallery-item'>\n\t\t\t<div class='gallery-icon portrait'>\n\t\t\t\t<a data-elementor-open-lightbox=\"yes\" data-elementor-lightbox-slideshow=\"b7e2744\" data-elementor-lightbox-title=\"Sex Toy\" data-elementor-lightbox-description=\"Affiche d\u00e9tourn\u00e9e de &quot;Toy Story&quot; pour le jeux vid\u00e9o &quot;Catch Me! Another unfinished game&quot;\" href='https:\/\/irenedoyen.com\/wp-content\/uploads\/2021\/07\/sex-toy-2.jpg'><img width=\"212\" height=\"300\" src=\"https:\/\/irenedoyen.com\/wp-content\/uploads\/2021\/07\/sex-toy-2-212x300.jpg\" class=\"attachment-medium size-medium\" alt=\"Sex Toy\" loading=\"lazy\" srcset=\"https:\/\/irenedoyen.com\/wp-content\/uploads\/2021\/07\/sex-toy-2-212x300.jpg 212w, https:\/\/irenedoyen.com\/wp-content\/uploads\/2021\/07\/sex-toy-2-724x1024.jpg 724w, https:\/\/irenedoyen.com\/wp-content\/uploads\/2021\/07\/sex-toy-2-768x1086.jpg 768w, https:\/\/irenedoyen.com\/wp-content\/uploads\/2021\/07\/sex-toy-2-1086x1536.jpg 1086w, https:\/\/irenedoyen.com\/wp-content\/uploads\/2021\/07\/sex-toy-2-640x905.jpg 640w, https:\/\/irenedoyen.com\/wp-content\/uploads\/2021\/07\/sex-toy-2-600x848.jpg 600w, https:\/\/irenedoyen.com\/wp-content\/uploads\/2021\/07\/sex-toy-2.jpg 1358w\" sizes=\"(max-width: 212px) 100vw, 212px\" \/><\/a>\n\t\t\t<\/div><\/figure>\n\t\t<\/div>\n\t\t<\/div>\n\t\t\t\t<\/div>\n\t\t\t\t<\/div>\n\t\t\t\t\t\t<\/div>\n\t\t\t\t\t<\/div>\n\t\t<\/div>\n\t\t\t\t\t\t\t\t<\/div>\n\t\t\t\t\t<\/div>\n\t\t<\/section>\n\t\t\t\t\t\t<\/div>\n\t\t\t\t\t\t<\/div>\n\t\t\t\t\t<\/div>\n\t\t","protected":false},"excerpt":{"rendered":"<p>\u00a0 &#8220;Projet en cours&#8221; Illustration &amp; LogoAffiches d\u00e9tourn\u00e9es pour le jeux vid\u00e9o\u00a0 &#8220;Catch Me !\u00a0Another unfinished game&#8221;<\/p>\n","protected":false},"author":1,"featured_media":0,"parent":0,"menu_order":0,"comment_status":"closed","ping_status":"closed","template":"","meta":[],"_links":{"self":[{"href":"https:\/\/irenedoyen.com\/index.php\/wp-json\/wp\/v2\/pages\/898"}],"collection":[{"href":"https:\/\/irenedoyen.com\/index.php\/wp-json\/wp\/v2\/pages"}],"about":[{"href":"https:\/\/irenedoyen.com\/index.php\/wp-json\/wp\/v2\/types\/page"}],"author":[{"embeddable":true,"href":"https:\/\/irenedoyen.com\/index.php\/wp-json\/wp\/v2\/users\/1"}],"replies":[{"embeddable":true,"href":"https:\/\/irenedoyen.com\/index.php\/wp-json\/wp\/v2\/comments?post=898"}],"version-history":[{"count":32,"href":"https:\/\/irenedoyen.com\/index.php\/wp-json\/wp\/v2\/pages\/898\/revisions"}],"predecessor-version":[{"id":1185,"href":"https:\/\/irenedoyen.com\/index.php\/wp-json\/wp\/v2\/pages\/898\/revisions\/1185"}],"wp:attachment":[{"href":"https:\/\/irenedoyen.com\/index.php\/wp-json\/wp\/v2\/media?parent=898"}],"curies":[{"name":"wp","href":"https:\/\/api.w.org\/{rel}","templated":true}]}}